{"id":2444,"date":"2025-04-09T08:55:34","date_gmt":"2025-04-09T08:55:34","guid":{"rendered":"https:\/\/ahusturf.se\/product\/blb-2001-bunkerliner\/"},"modified":"2025-09-02T10:04:53","modified_gmt":"2025-09-02T10:04:53","slug":"blb-2001-bunkerliner","status":"publish","type":"product","link":"https:\/\/ahusturf.se\/de\/product\/blb-2001-bunkerliner\/","title":{"rendered":"BLB 2001 &#8211; Bunkerlawn"},"content":{"rendered":"      <section class=\"pt-50 pb-80 \" >\n            <div class=\"container\">\n      <div class=\"row\">\n         <div class=\"col-lg-7\">\n                        <h2 class=\"main-title mb-15 d-block d-lg-none h2\">BunkerLawn, BLB 2001<\/h2>\n\n                           \n\n<div class=\"img-reel\">\n         <img decoding=\"async\" src=\"https:\/\/ahusturf.se\/wp-content\/uploads\/2025\/05\/Produkt-BLB-2001-Rulle-hel-scaled.webp\" alt=\"http:\/\/2025-04-11%20A\u00b0husTurf%20Hybridgra\u00a8s\" \/>\n         <img decoding=\"async\" src=\"https:\/\/ahusturf.se\/wp-content\/uploads\/2025\/05\/IMG_4208-scaled.webp\" alt=\"http:\/\/IMG_4208\" \/>\n         <img decoding=\"async\" src=\"https:\/\/ahusturf.se\/wp-content\/uploads\/2025\/05\/IMG_4213-scaled.webp\" alt=\"http:\/\/IMG_4213\" \/>\n         <img decoding=\"async\" src=\"https:\/\/ahusturf.se\/wp-content\/uploads\/2025\/05\/IMG_4229-scaled.webp\" alt=\"http:\/\/IMG_4229\" \/>\n         <img decoding=\"async\" src=\"https:\/\/ahusturf.se\/wp-content\/uploads\/2025\/05\/IMG_4228-scaled.webp\" alt=\"http:\/\/IMG_4228\" \/>\n         <img decoding=\"async\" src=\"https:\/\/ahusturf.se\/wp-content\/uploads\/2025\/05\/Dura_turfed_2-scaled.webp\" alt=\"http:\/\/Dura_turfed_2\" \/>\n         <img decoding=\"async\" src=\"https:\/\/ahusturf.se\/wp-content\/uploads\/2025\/05\/20221118_120400-scaled.webp\" alt=\"http:\/\/20221118_120400\" \/>\n   <\/div>\n                        \n\n                           <div class=\"btn-wrapper mt-30 mb-10 d-block d-lg-none text-center\">\n                  \n               <a\n         href=\"#\"\n         class=\"theme-btn\"\n         >\n         Spezifikation      <\/a>\n                     <a\n         href=\"\/kontakt\/\"\n         class=\"theme-btn\"\n         >\n         Kontakt      <\/a>\n                        <\/div>\n                     <\/div>\n         <div class=\"col-lg-5\">\n            <div class=\"portfolio-specification-wrapper custom-sticky-block\">\n               <div class=\"text-container\">\n                                    <h2 class=\"main-title mb-15 d-none d-lg-block h2\">BunkerLawn, BLB 2001<\/h2>\n                  <p>BLB 2001 wurde entwickelt, um bei starkem Regen das Ablaufen von Steinen zu verhindern und um spielbar zu sein, wenn zu wenig Sand im Bunker vorhanden ist. Die Gr\u00f6\u00dfe der L\u00f6cher, die L\u00e4nge der Balken und die St\u00e4rke der Unterlage wurden so konzipiert, dass der Schutz maximiert wird, wobei die Flexibilit\u00e4t erhalten bleibt, was die Installation erleichtert. <\/p>\n\n                                    <div class=\"specification-table mt-60\">\n                     <table class=\"table table-borderless\">\n                        <tbody>\n                                                      <tr>\n                              <td>L\u00e4nge<\/td>\n                              <td>25m<\/td>\n                           <\/tr>\n                                                      <tr>\n                              <td>Breite<\/td>\n                              <td>2m<\/td>\n                           <\/tr>\n                                                      <tr>\n                              <td>Installation<\/td>\n                              <td>Bestehender Boden, verdichtetes Steinmehl<\/td>\n                           <\/tr>\n                                                   <\/tbody>\n                     <\/table>\n                     \n                  <\/div>\n                                 <\/div>\n\n                                 <div class=\"btn-wrapper mt-30 d-none d-lg-block\">\n                     \n               <a\n         href=\"#\"\n         class=\"theme-btn\"\n         >\n         Spezifikation      <\/a>\n                     <a\n         href=\"\/kontakt\/\"\n         class=\"theme-btn\"\n         >\n         Kontakt      <\/a>\n                           <\/div>\n                              \n            <\/div>\n         <\/div>\n      <\/div>\n   <\/div>\n      <\/section>\n      ","protected":false},"excerpt":{"rendered":"<p>unser erstes Produkt auf dem Weg zu umweltfreundlicheren Produkten.<\/p>\n","protected":false},"featured_media":2447,"template":"","meta":{"_acf_changed":false,"footnotes":""},"product_cat":[7],"class_list":["post-2444","product","type-product","status-publish","has-post-thumbnail","hentry","product_cat-hybridgras-golf"],"acf":[],"_links":{"self":[{"href":"https:\/\/ahusturf.se\/de\/wp-json\/wp\/v2\/product\/2444","targetHints":{"allow":["GET"]}}],"collection":[{"href":"https:\/\/ahusturf.se\/de\/wp-json\/wp\/v2\/product"}],"about":[{"href":"https:\/\/ahusturf.se\/de\/wp-json\/wp\/v2\/types\/product"}],"version-history":[{"count":5,"href":"https:\/\/ahusturf.se\/de\/wp-json\/wp\/v2\/product\/2444\/revisions"}],"predecessor-version":[{"id":4081,"href":"https:\/\/ahusturf.se\/de\/wp-json\/wp\/v2\/product\/2444\/revisions\/4081"}],"wp:featuredmedia":[{"embeddable":true,"href":"https:\/\/ahusturf.se\/de\/wp-json\/wp\/v2\/media\/2447"}],"wp:attachment":[{"href":"https:\/\/ahusturf.se\/de\/wp-json\/wp\/v2\/media?parent=2444"}],"wp:term":[{"taxonomy":"product_cat","embeddable":true,"href":"https:\/\/ahusturf.se\/de\/wp-json\/wp\/v2\/product_cat?post=2444"}],"curies":[{"name":"wp","href":"https:\/\/api.w.org\/{rel}","templated":true}]}}