{"id":2476,"date":"2025-04-09T08:56:13","date_gmt":"2025-04-09T08:56:13","guid":{"rendered":"https:\/\/ahusturf.se\/product\/hybrider-gras-roboter-rasenmaeher\/"},"modified":"2025-09-02T09:34:56","modified_gmt":"2025-09-02T09:34:56","slug":"hybridrasen-robotmaeher","status":"publish","type":"product","link":"https:\/\/ahusturf.se\/de\/product\/hybridrasen-robotmaeher\/","title":{"rendered":"Hybridrasen Roboterm\u00e4her"},"content":{"rendered":"      <section class=\"pt-50 pb-80 \" >\n            <div class=\"container\">\n      <div class=\"row\">\n         <div class=\"col-lg-7\">\n                        <h2 class=\"main-title mb-15 d-block d-lg-none h2\">Hybrider Gras-Roboter-Rasenm\u00e4her<\/h2>\n\n                           \n\n<div class=\"img-reel\">\n         <img decoding=\"async\" src=\"https:\/\/ahusturf.se\/wp-content\/uploads\/2025\/05\/Hybridgras-vid-bolplockaren-scaled.webp\" alt=\"http:\/\/Hybridgr\u00e4s%20vid%20bolplockaren\" \/>\n         <img decoding=\"async\" src=\"https:\/\/ahusturf.se\/wp-content\/uploads\/2025\/05\/IMG_4573-scaled.webp\" alt=\"http:\/\/IMG_4573\" \/>\n         <img decoding=\"async\" src=\"https:\/\/ahusturf.se\/wp-content\/uploads\/2025\/05\/Rya_230911.webp\" alt=\"http:\/\/Rya_230911\" \/>\n   <\/div>\n                        \n\n                           <div class=\"btn-wrapper mt-30 mb-10 d-block d-lg-none text-center\">\n                  \n               <a\n         href=\"https:\/\/ahusturf.se\/wp-content\/uploads\/2025\/08\/NRT_3002_R1H_DE.pdf\"\n         class=\"theme-btn\"\n         >\n         Spezifikation      <\/a>\n                     <a\n         href=\"https:\/\/ahusturf.se\/de\/kontaktieren-sie-uns\/\"\n         class=\"theme-btn\"\n         >\n         Kontakt      <\/a>\n                        <\/div>\n                     <\/div>\n         <div class=\"col-lg-5\">\n            <div class=\"portfolio-specification-wrapper custom-sticky-block\">\n               <div class=\"text-container\">\n                                    <h2 class=\"main-title mb-15 d-none d-lg-block h2\">Hybrider Gras-Roboter-Rasenm\u00e4her<\/h2>\n                  <p>Der NRT 3002 ist der beste und g\u00fcnstigste M\u00e4hroboterverschlei\u00df auf dem Markt. Die Lochgr\u00f6\u00dfe in Kombination mit der D\u00fcsenl\u00e4nge sch\u00fctzt die Graskrone und die Pflanze, so dass die Vegetation immer unter dem M\u00e4hroboter bleibt, egal wie hoch der Verschlei\u00df ist. <\/p>\n\n                                    <div class=\"specification-table mt-60\">\n                     <table class=\"table table-borderless\">\n                        <tbody>\n                                                      <tr>\n                              <td>L\u00e4nge<\/td>\n                              <td>Ab 1m<\/td>\n                           <\/tr>\n                                                      <tr>\n                              <td>Breite<\/td>\n                              <td>1,2 oder 2,4 m <\/td>\n                           <\/tr>\n                                                      <tr>\n                              <td>Installation<\/td>\n                              <td>Vorhandener Rasen oder Saatbeet<\/td>\n                           <\/tr>\n                                                   <\/tbody>\n                     <\/table>\n                     \n                  <\/div>\n                                 <\/div>\n\n                                 <div class=\"btn-wrapper mt-30 d-none d-lg-block\">\n                     \n               <a\n         href=\"https:\/\/ahusturf.se\/wp-content\/uploads\/2025\/08\/NRT_3002_R1H_DE.pdf\"\n         class=\"theme-btn\"\n         >\n         Spezifikation      <\/a>\n                     <a\n         href=\"https:\/\/ahusturf.se\/de\/kontaktieren-sie-uns\/\"\n         class=\"theme-btn\"\n         >\n         Kontakt      <\/a>\n                           <\/div>\n                              \n            <\/div>\n         <\/div>\n      <\/div>\n   <\/div>\n      <\/section>\n      \n\n      <section class=\"pt-80 pb-80 \" >\n            <div class=\"container\">\n      <div class=\"row\">\n         <div class=\"col-lg-12\">\n            <div class=\"section-heading has-border-bottom has-cta-block has-slider-arrows\">\n               <div class=\"heading-block\">\n                                    <h3 class=\"h3\">Mehr von unseren Produkten<\/h3>\n               <\/div>\n                           <\/div>\n\n                        <div class=\"single-product-wrapper\">\n               <div class=\"row single-product-block-slider slider-arrows-top-lg\">\n                  <div class=\"col-xl-3 col-md-4 col-6 slider-col\">\n   <div class=\"single-product-block on-hover-img-scale\">\n\n      <a href=\"https:\/\/ahusturf.se\/de\/product\/nrt-3002\/\" class=\"whole-link\"><\/a>\n\n      <div class=\"img-container br-15\">\n         <img decoding=\"async\" src=\"https:\/\/ahusturf.se\/wp-content\/uploads\/2025\/05\/Produkt-NRT-3002-Rulle-hel-scaled.webp\" class=\"attachment-medium-large size-medium-large wp-post-image\" alt=\"\" srcset=\"https:\/\/ahusturf.se\/wp-content\/uploads\/2025\/05\/Produkt-NRT-3002-Rulle-hel-scaled.webp 2560w, https:\/\/ahusturf.se\/wp-content\/uploads\/2025\/05\/Produkt-NRT-3002-Rulle-hel-450x348.webp 450w, https:\/\/ahusturf.se\/wp-content\/uploads\/2025\/05\/Produkt-NRT-3002-Rulle-hel-1024x791.webp 1024w, https:\/\/ahusturf.se\/wp-content\/uploads\/2025\/05\/Produkt-NRT-3002-Rulle-hel-768x593.webp 768w, https:\/\/ahusturf.se\/wp-content\/uploads\/2025\/05\/Produkt-NRT-3002-Rulle-hel-1536x1186.webp 1536w, https:\/\/ahusturf.se\/wp-content\/uploads\/2025\/05\/Produkt-NRT-3002-Rulle-hel-2048x1582.webp 2048w\" sizes=\"(max-width: 2560px) 100vw, 2560px\" \/>      <\/div>\n\n      <div class=\"text-container mt-15\">\n         <h6 class=\"main-title\">NRT 3002<\/h6>\n         2016 brachte \u00c5husTurf die erste Ausgabe des NRT 3002 auf den Markt.      <\/div>\n\n      <div class=\"btn-wrapper mt-20\">\n         <a href=\"https:\/\/ahusturf.se\/de\/product\/nrt-3002\/\" class=\"theme-btn w-100\">Weitere Informationen<\/a>\n      <\/div>\n   <\/div>\n<\/div><div class=\"col-xl-3 col-md-4 col-6 slider-col\">\n   <div class=\"single-product-block on-hover-img-scale\">\n\n      <a href=\"https:\/\/ahusturf.se\/de\/product\/euro-hybrid\/\" class=\"whole-link\"><\/a>\n\n      <div class=\"img-container br-15\">\n         <img decoding=\"async\" src=\"https:\/\/ahusturf.se\/wp-content\/uploads\/2025\/05\/Produkt-EURO-HYBRID-Rulle-hel-scaled.webp\" class=\"attachment-medium-large size-medium-large wp-post-image\" alt=\"\" srcset=\"https:\/\/ahusturf.se\/wp-content\/uploads\/2025\/05\/Produkt-EURO-HYBRID-Rulle-hel-scaled.webp 2560w, https:\/\/ahusturf.se\/wp-content\/uploads\/2025\/05\/Produkt-EURO-HYBRID-Rulle-hel-450x310.webp 450w, https:\/\/ahusturf.se\/wp-content\/uploads\/2025\/05\/Produkt-EURO-HYBRID-Rulle-hel-1024x705.webp 1024w, https:\/\/ahusturf.se\/wp-content\/uploads\/2025\/05\/Produkt-EURO-HYBRID-Rulle-hel-768x529.webp 768w, https:\/\/ahusturf.se\/wp-content\/uploads\/2025\/05\/Produkt-EURO-HYBRID-Rulle-hel-1536x1058.webp 1536w, https:\/\/ahusturf.se\/wp-content\/uploads\/2025\/05\/Produkt-EURO-HYBRID-Rulle-hel-2048x1410.webp 2048w\" sizes=\"(max-width: 2560px) 100vw, 2560px\" \/>      <\/div>\n\n      <div class=\"text-container mt-15\">\n         <h6 class=\"main-title\">Euro Hybrid<\/h6>\n         unser erstes Produkt auf dem Weg zu umweltfreundlicheren Produkten.      <\/div>\n\n      <div class=\"btn-wrapper mt-20\">\n         <a href=\"https:\/\/ahusturf.se\/de\/product\/euro-hybrid\/\" class=\"theme-btn w-100\">Weitere Informationen<\/a>\n      <\/div>\n   <\/div>\n<\/div><div class=\"col-xl-3 col-md-4 col-6 slider-col\">\n   <div class=\"single-product-block on-hover-img-scale\">\n\n      <a href=\"https:\/\/ahusturf.se\/de\/product\/nrt-3002-diy\/\" class=\"whole-link\"><\/a>\n\n      <div class=\"img-container br-15\">\n         <img decoding=\"async\" src=\"https:\/\/ahusturf.se\/wp-content\/uploads\/2025\/05\/Produkt-NRT-3002-DIY-presentation-scaled.webp\" class=\"attachment-medium-large size-medium-large wp-post-image\" alt=\"Hybridgr\u00e4s\" srcset=\"https:\/\/ahusturf.se\/wp-content\/uploads\/2025\/05\/Produkt-NRT-3002-DIY-presentation-scaled.webp 2560w, https:\/\/ahusturf.se\/wp-content\/uploads\/2025\/05\/Produkt-NRT-3002-DIY-presentation-450x328.webp 450w, https:\/\/ahusturf.se\/wp-content\/uploads\/2025\/05\/Produkt-NRT-3002-DIY-presentation-1024x745.webp 1024w, https:\/\/ahusturf.se\/wp-content\/uploads\/2025\/05\/Produkt-NRT-3002-DIY-presentation-768x559.webp 768w, https:\/\/ahusturf.se\/wp-content\/uploads\/2025\/05\/Produkt-NRT-3002-DIY-presentation-1536x1118.webp 1536w, https:\/\/ahusturf.se\/wp-content\/uploads\/2025\/05\/Produkt-NRT-3002-DIY-presentation-2048x1491.webp 2048w\" sizes=\"(max-width: 2560px) 100vw, 2560px\" \/>      <\/div>\n\n      <div class=\"text-container mt-15\">\n         <h6 class=\"main-title\">NRT 3002 DIY<\/h6>\n         Do it yourself ist einfacher beim Installation      <\/div>\n\n      <div class=\"btn-wrapper mt-20\">\n         <a href=\"https:\/\/ahusturf.se\/de\/product\/nrt-3002-diy\/\" class=\"theme-btn w-100\">Weitere Informationen<\/a>\n      <\/div>\n   <\/div>\n<\/div><div class=\"col-xl-3 col-md-4 col-6 slider-col\">\n   <div class=\"single-product-block on-hover-img-scale\">\n\n      <a href=\"https:\/\/ahusturf.se\/de\/product\/einbaustifte\/\" class=\"whole-link\"><\/a>\n\n      <div class=\"img-container br-15\">\n         <img decoding=\"async\" src=\"https:\/\/ahusturf.se\/wp-content\/uploads\/2025\/09\/Pinnar.webp\" class=\"attachment-medium-large size-medium-large wp-post-image\" alt=\"\" srcset=\"https:\/\/ahusturf.se\/wp-content\/uploads\/2025\/09\/Pinnar.webp 2000w, https:\/\/ahusturf.se\/wp-content\/uploads\/2025\/09\/Pinnar-450x338.webp 450w, https:\/\/ahusturf.se\/wp-content\/uploads\/2025\/09\/Pinnar-1024x768.webp 1024w, https:\/\/ahusturf.se\/wp-content\/uploads\/2025\/09\/Pinnar-768x576.webp 768w, https:\/\/ahusturf.se\/wp-content\/uploads\/2025\/09\/Pinnar-1536x1152.webp 1536w\" sizes=\"(max-width: 2000px) 100vw, 2000px\" \/>      <\/div>\n\n      <div class=\"text-container mt-15\">\n         <h6 class=\"main-title\">Einbaustifte<\/h6>\n         Die Einbaustifte sind von \u00c5husTurf f\u00fcr alle unsere Hybridprodukte entwickelt.      <\/div>\n\n      <div class=\"btn-wrapper mt-20\">\n         <a href=\"https:\/\/ahusturf.se\/de\/product\/einbaustifte\/\" class=\"theme-btn w-100\">Weitere Informationen<\/a>\n      <\/div>\n   <\/div>\n<\/div>               <\/div>\n            <\/div>\n            \n                     <\/div>\n      <\/div>\n   <\/div>\n      <\/section>\n      ","protected":false},"excerpt":{"rendered":"<p>NRT 3002. Sie k\u00f6nnen 1,2 o 2,4 m Breite haben. L\u00e4nge ist wahlbar. <\/p>\n","protected":false},"featured_media":2478,"template":"","meta":{"_acf_changed":false,"footnotes":""},"product_cat":[8,7],"class_list":["post-2476","product","type-product","status-publish","has-post-thumbnail","hentry","product_cat-fler-produkter-hybridlosningar","product_cat-hybridgras-golf"],"acf":[],"_links":{"self":[{"href":"https:\/\/ahusturf.se\/de\/wp-json\/wp\/v2\/product\/2476","targetHints":{"allow":["GET"]}}],"collection":[{"href":"https:\/\/ahusturf.se\/de\/wp-json\/wp\/v2\/product"}],"about":[{"href":"https:\/\/ahusturf.se\/de\/wp-json\/wp\/v2\/types\/product"}],"version-history":[{"count":6,"href":"https:\/\/ahusturf.se\/de\/wp-json\/wp\/v2\/product\/2476\/revisions"}],"predecessor-version":[{"id":4217,"href":"https:\/\/ahusturf.se\/de\/wp-json\/wp\/v2\/product\/2476\/revisions\/4217"}],"wp:featuredmedia":[{"embeddable":true,"href":"https:\/\/ahusturf.se\/de\/wp-json\/wp\/v2\/media\/2478"}],"wp:attachment":[{"href":"https:\/\/ahusturf.se\/de\/wp-json\/wp\/v2\/media?parent=2476"}],"wp:term":[{"taxonomy":"product_cat","embeddable":true,"href":"https:\/\/ahusturf.se\/de\/wp-json\/wp\/v2\/product_cat?post=2476"}],"curies":[{"name":"wp","href":"https:\/\/api.w.org\/{rel}","templated":true}]}}