{"id":2485,"date":"2025-07-16T07:27:50","date_gmt":"2025-07-16T07:27:50","guid":{"rendered":"https:\/\/ahusturf.se\/product\/gras-auf-rolle-hybridgras-auf-rolle\/"},"modified":"2025-09-01T05:13:18","modified_gmt":"2025-09-01T05:13:18","slug":"gras-auf-rolle-hybridgras-auf-rolle","status":"publish","type":"product","link":"https:\/\/ahusturf.se\/de\/product\/gras-auf-rolle-hybridgras-auf-rolle\/","title":{"rendered":"Rollrasen, Hybridrasen auf Rolle"},"content":{"rendered":"      <section class=\"pt-50 pb-80 \" >\n            <div class=\"container\">\n      <div class=\"row\">\n         <div class=\"col-lg-7\">\n                        <h2 class=\"main-title mb-15 d-block d-lg-none h2\">Gras auf Rolle, Hybridgras auf Rolle<\/h2>\n\n                           \n\n<div class=\"img-reel\">\n         <img decoding=\"async\" src=\"https:\/\/ahusturf.se\/wp-content\/uploads\/2025\/07\/nyskordat_140905_2.webp\" alt=\"http:\/\/nysk\u00f6rdat_140905_2\" \/>\n         <img decoding=\"async\" src=\"https:\/\/ahusturf.se\/wp-content\/uploads\/2025\/07\/FCMidtjylland_utlagt-scaled.webp\" alt=\"http:\/\/FCMidtjylland_utlagt\" \/>\n         <img decoding=\"async\" src=\"https:\/\/ahusturf.se\/wp-content\/uploads\/2025\/07\/Osterlengras_201505201-scaled.webp\" alt=\"http:\/\/\u00d6sterlengr\u00e4s_201505201\" \/>\n   <\/div>\n                        \n\n                           <div class=\"btn-wrapper mt-30 mb-10 d-block d-lg-none text-center\">\n                  \n               <a\n         href=\"https:\/\/ahusturf.se\/kontakt\/\"\n         class=\"theme-btn\"\n         >\n         Kontakt      <\/a>\n                        <\/div>\n                     <\/div>\n         <div class=\"col-lg-5\">\n            <div class=\"portfolio-specification-wrapper custom-sticky-block\">\n               <div class=\"text-container\">\n                                    <h2 class=\"main-title mb-15 d-none d-lg-block h2\">Gras auf Rolle, Hybridgras auf Rolle<\/h2>\n                  <p>\u00c5husTurf bietet sowohl normales Gras auf Rollen als auch vorintegriertes Hybridgras auf Rollen von h\u00f6chster Qualit\u00e4t an. Eine Mischung aus Wiesengras und Rotschwingel macht unser Rollgras sowohl langlebig als auch gut gegen trockene Bedingungen, wenn es integriert wird. F\u00c3\u0152r eine optimale Hybridgrasfl\u00c3\u20acche k\u00c3\u00b6nnen Sie den Rasen unter dem Hybridgras ausrollen, um eine schnellere und st\u00c3\u20acrkere Etablierung zu erreichen.  <\/p>\n\n                                    <div class=\"specification-table mt-60\">\n                     <table class=\"table table-borderless\">\n                        <tbody>\n                                                      <tr>\n                              <td>L\u00e4nge<\/td>\n                              <td>6 m<\/td>\n                           <\/tr>\n                                                      <tr>\n                              <td>Breite<\/td>\n                              <td>0,7 m<\/td>\n                           <\/tr>\n                                                      <tr>\n                              <td>Installation<\/td>\n                              <td>Saatbeet<\/td>\n                           <\/tr>\n                                                   <\/tbody>\n                     <\/table>\n                     \n                  <\/div>\n                                 <\/div>\n\n                                 <div class=\"btn-wrapper mt-30 d-none d-lg-block\">\n                     \n               <a\n         href=\"https:\/\/ahusturf.se\/kontakt\/\"\n         class=\"theme-btn\"\n         >\n         Kontakt      <\/a>\n                           <\/div>\n                              \n            <\/div>\n         <\/div>\n      <\/div>\n   <\/div>\n      <\/section>\n      \n\n      <section class=\"pt-80 pb-80 \" >\n            <div class=\"container\">\n      <div class=\"row\">\n         <div class=\"col-lg-12\">\n            <div class=\"section-heading has-border-bottom has-cta-block has-slider-arrows\">\n               <div class=\"heading-block\">\n                                    <h3 class=\"h3\">Mehr von unseren Produkten<\/h3>\n               <\/div>\n                           <\/div>\n\n                        <div class=\"single-product-wrapper\">\n               <div class=\"row single-product-block-slider slider-arrows-top-lg\">\n                  <div class=\"col-xl-3 col-md-4 col-6 slider-col\">\n   <div class=\"single-product-block on-hover-img-scale\">\n\n      <a href=\"https:\/\/ahusturf.se\/de\/product\/euro-hybrid\/\" class=\"whole-link\"><\/a>\n\n      <div class=\"img-container br-15\">\n         <img decoding=\"async\" src=\"https:\/\/ahusturf.se\/wp-content\/uploads\/2025\/05\/Produkt-EURO-HYBRID-Rulle-hel-scaled.webp\" class=\"attachment-medium-large size-medium-large wp-post-image\" alt=\"\" srcset=\"https:\/\/ahusturf.se\/wp-content\/uploads\/2025\/05\/Produkt-EURO-HYBRID-Rulle-hel-scaled.webp 2560w, https:\/\/ahusturf.se\/wp-content\/uploads\/2025\/05\/Produkt-EURO-HYBRID-Rulle-hel-450x310.webp 450w, https:\/\/ahusturf.se\/wp-content\/uploads\/2025\/05\/Produkt-EURO-HYBRID-Rulle-hel-1024x705.webp 1024w, https:\/\/ahusturf.se\/wp-content\/uploads\/2025\/05\/Produkt-EURO-HYBRID-Rulle-hel-768x529.webp 768w, https:\/\/ahusturf.se\/wp-content\/uploads\/2025\/05\/Produkt-EURO-HYBRID-Rulle-hel-1536x1058.webp 1536w, https:\/\/ahusturf.se\/wp-content\/uploads\/2025\/05\/Produkt-EURO-HYBRID-Rulle-hel-2048x1410.webp 2048w\" sizes=\"(max-width: 2560px) 100vw, 2560px\" \/>      <\/div>\n\n      <div class=\"text-container mt-15\">\n         <h6 class=\"main-title\">Euro Hybrid<\/h6>\n         unser erstes Produkt auf dem Weg zu umweltfreundlicheren Produkten.      <\/div>\n\n      <div class=\"btn-wrapper mt-20\">\n         <a href=\"https:\/\/ahusturf.se\/de\/product\/euro-hybrid\/\" class=\"theme-btn w-100\">Weitere Informationen<\/a>\n      <\/div>\n   <\/div>\n<\/div><div class=\"col-xl-3 col-md-4 col-6 slider-col\">\n   <div class=\"single-product-block on-hover-img-scale\">\n\n      <a href=\"https:\/\/ahusturf.se\/de\/product\/cl-soft-fallschutz\/\" class=\"whole-link\"><\/a>\n\n      <div class=\"img-container br-15\">\n         <img decoding=\"async\" src=\"https:\/\/ahusturf.se\/wp-content\/uploads\/2025\/05\/Produkt-Shockpad-scaled.webp\" class=\"attachment-medium-large size-medium-large wp-post-image\" alt=\"\" srcset=\"https:\/\/ahusturf.se\/wp-content\/uploads\/2025\/05\/Produkt-Shockpad-scaled.webp 2560w, https:\/\/ahusturf.se\/wp-content\/uploads\/2025\/05\/Produkt-Shockpad-450x348.webp 450w, https:\/\/ahusturf.se\/wp-content\/uploads\/2025\/05\/Produkt-Shockpad-1024x791.webp 1024w, https:\/\/ahusturf.se\/wp-content\/uploads\/2025\/05\/Produkt-Shockpad-768x593.webp 768w, https:\/\/ahusturf.se\/wp-content\/uploads\/2025\/05\/Produkt-Shockpad-1536x1187.webp 1536w, https:\/\/ahusturf.se\/wp-content\/uploads\/2025\/05\/Produkt-Shockpad-2048x1582.webp 2048w\" sizes=\"(max-width: 2560px) 100vw, 2560px\" \/>      <\/div>\n\n      <div class=\"text-container mt-15\">\n         <h6 class=\"main-title\">CL Soft &#8211; Fallschutz<\/h6>\n         unser erstes Produkt auf dem Weg zu umweltfreundlicheren Produkten.      <\/div>\n\n      <div class=\"btn-wrapper mt-20\">\n         <a href=\"https:\/\/ahusturf.se\/de\/product\/cl-soft-fallschutz\/\" class=\"theme-btn w-100\">Weitere Informationen<\/a>\n      <\/div>\n   <\/div>\n<\/div><div class=\"col-xl-3 col-md-4 col-6 slider-col\">\n   <div class=\"single-product-block on-hover-img-scale\">\n\n      <a href=\"https:\/\/ahusturf.se\/de\/product\/nrt-3002\/\" class=\"whole-link\"><\/a>\n\n      <div class=\"img-container br-15\">\n         <img decoding=\"async\" src=\"https:\/\/ahusturf.se\/wp-content\/uploads\/2025\/05\/Produkt-NRT-3002-Rulle-hel-scaled.webp\" class=\"attachment-medium-large size-medium-large wp-post-image\" alt=\"\" srcset=\"https:\/\/ahusturf.se\/wp-content\/uploads\/2025\/05\/Produkt-NRT-3002-Rulle-hel-scaled.webp 2560w, https:\/\/ahusturf.se\/wp-content\/uploads\/2025\/05\/Produkt-NRT-3002-Rulle-hel-450x348.webp 450w, https:\/\/ahusturf.se\/wp-content\/uploads\/2025\/05\/Produkt-NRT-3002-Rulle-hel-1024x791.webp 1024w, https:\/\/ahusturf.se\/wp-content\/uploads\/2025\/05\/Produkt-NRT-3002-Rulle-hel-768x593.webp 768w, https:\/\/ahusturf.se\/wp-content\/uploads\/2025\/05\/Produkt-NRT-3002-Rulle-hel-1536x1186.webp 1536w, https:\/\/ahusturf.se\/wp-content\/uploads\/2025\/05\/Produkt-NRT-3002-Rulle-hel-2048x1582.webp 2048w\" sizes=\"(max-width: 2560px) 100vw, 2560px\" \/>      <\/div>\n\n      <div class=\"text-container mt-15\">\n         <h6 class=\"main-title\">NRT 3002<\/h6>\n         2016 brachte \u00c5husTurf die erste Ausgabe des NRT 3002 auf den Markt.      <\/div>\n\n      <div class=\"btn-wrapper mt-20\">\n         <a href=\"https:\/\/ahusturf.se\/de\/product\/nrt-3002\/\" class=\"theme-btn w-100\">Weitere Informationen<\/a>\n      <\/div>\n   <\/div>\n<\/div><div class=\"col-xl-3 col-md-4 col-6 slider-col\">\n   <div class=\"single-product-block on-hover-img-scale\">\n\n      <a href=\"https:\/\/ahusturf.se\/de\/product\/cl-1201-tee\/\" class=\"whole-link\"><\/a>\n\n      <div class=\"img-container br-15\">\n         <img decoding=\"async\" src=\"https:\/\/ahusturf.se\/wp-content\/uploads\/2025\/05\/Produkt-CL-1201-Rulle-hel-scaled.webp\" class=\"attachment-medium-large size-medium-large wp-post-image\" alt=\"\" srcset=\"https:\/\/ahusturf.se\/wp-content\/uploads\/2025\/05\/Produkt-CL-1201-Rulle-hel-scaled.webp 2560w, https:\/\/ahusturf.se\/wp-content\/uploads\/2025\/05\/Produkt-CL-1201-Rulle-hel-450x440.webp 450w, https:\/\/ahusturf.se\/wp-content\/uploads\/2025\/05\/Produkt-CL-1201-Rulle-hel-1024x1001.webp 1024w, https:\/\/ahusturf.se\/wp-content\/uploads\/2025\/05\/Produkt-CL-1201-Rulle-hel-768x750.webp 768w, https:\/\/ahusturf.se\/wp-content\/uploads\/2025\/05\/Produkt-CL-1201-Rulle-hel-1536x1501.webp 1536w, https:\/\/ahusturf.se\/wp-content\/uploads\/2025\/05\/Produkt-CL-1201-Rulle-hel-2048x2001.webp 2048w\" sizes=\"(max-width: 2560px) 100vw, 2560px\" \/>      <\/div>\n\n      <div class=\"text-container mt-15\">\n         <h6 class=\"main-title\">CL 1201 &#8211; Tee<\/h6>\n         unser erstes Produkt auf dem Weg zu umweltfreundlicheren Produkten.      <\/div>\n\n      <div class=\"btn-wrapper mt-20\">\n         <a href=\"https:\/\/ahusturf.se\/de\/product\/cl-1201-tee\/\" class=\"theme-btn w-100\">Weitere Informationen<\/a>\n      <\/div>\n   <\/div>\n<\/div><div class=\"col-xl-3 col-md-4 col-6 slider-col\">\n   <div class=\"single-product-block on-hover-img-scale\">\n\n      <a href=\"https:\/\/ahusturf.se\/de\/product\/nrt-3002-diy\/\" class=\"whole-link\"><\/a>\n\n      <div class=\"img-container br-15\">\n         <img decoding=\"async\" src=\"https:\/\/ahusturf.se\/wp-content\/uploads\/2025\/05\/Produkt-NRT-3002-DIY-presentation-scaled.webp\" class=\"attachment-medium-large size-medium-large wp-post-image\" alt=\"Hybridgr\u00e4s\" srcset=\"https:\/\/ahusturf.se\/wp-content\/uploads\/2025\/05\/Produkt-NRT-3002-DIY-presentation-scaled.webp 2560w, https:\/\/ahusturf.se\/wp-content\/uploads\/2025\/05\/Produkt-NRT-3002-DIY-presentation-450x328.webp 450w, https:\/\/ahusturf.se\/wp-content\/uploads\/2025\/05\/Produkt-NRT-3002-DIY-presentation-1024x745.webp 1024w, https:\/\/ahusturf.se\/wp-content\/uploads\/2025\/05\/Produkt-NRT-3002-DIY-presentation-768x559.webp 768w, https:\/\/ahusturf.se\/wp-content\/uploads\/2025\/05\/Produkt-NRT-3002-DIY-presentation-1536x1118.webp 1536w, https:\/\/ahusturf.se\/wp-content\/uploads\/2025\/05\/Produkt-NRT-3002-DIY-presentation-2048x1491.webp 2048w\" sizes=\"(max-width: 2560px) 100vw, 2560px\" \/>      <\/div>\n\n      <div class=\"text-container mt-15\">\n         <h6 class=\"main-title\">NRT 3002 DIY<\/h6>\n         Do it yourself ist einfacher beim Installation      <\/div>\n\n      <div class=\"btn-wrapper mt-20\">\n         <a href=\"https:\/\/ahusturf.se\/de\/product\/nrt-3002-diy\/\" class=\"theme-btn w-100\">Weitere Informationen<\/a>\n      <\/div>\n   <\/div>\n<\/div>               <\/div>\n            <\/div>\n            \n                     <\/div>\n      <\/div>\n   <\/div>\n      <\/section>\n      ","protected":false},"excerpt":{"rendered":"<p>Wir arbeiten mit unserem lokalen Rasenbauer zusammen<\/p>\n","protected":false},"featured_media":1931,"template":"","meta":{"_acf_changed":false,"footnotes":""},"product_cat":[],"class_list":["post-2485","product","type-product","status-publish","has-post-thumbnail","hentry"],"acf":[],"_links":{"self":[{"href":"https:\/\/ahusturf.se\/de\/wp-json\/wp\/v2\/product\/2485","targetHints":{"allow":["GET"]}}],"collection":[{"href":"https:\/\/ahusturf.se\/de\/wp-json\/wp\/v2\/product"}],"about":[{"href":"https:\/\/ahusturf.se\/de\/wp-json\/wp\/v2\/types\/product"}],"version-history":[{"count":4,"href":"https:\/\/ahusturf.se\/de\/wp-json\/wp\/v2\/product\/2485\/revisions"}],"predecessor-version":[{"id":4087,"href":"https:\/\/ahusturf.se\/de\/wp-json\/wp\/v2\/product\/2485\/revisions\/4087"}],"wp:featuredmedia":[{"embeddable":true,"href":"https:\/\/ahusturf.se\/de\/wp-json\/wp\/v2\/media\/1931"}],"wp:attachment":[{"href":"https:\/\/ahusturf.se\/de\/wp-json\/wp\/v2\/media?parent=2485"}],"wp:term":[{"taxonomy":"product_cat","embeddable":true,"href":"https:\/\/ahusturf.se\/de\/wp-json\/wp\/v2\/product_cat?post=2485"}],"curies":[{"name":"wp","href":"https:\/\/api.w.org\/{rel}","templated":true}]}}