{"id":2545,"date":"2025-04-09T08:53:45","date_gmt":"2025-04-09T08:53:45","guid":{"rendered":"https:\/\/ahusturf.se\/product\/nrt-3002\/"},"modified":"2025-09-02T09:54:14","modified_gmt":"2025-09-02T09:54:14","slug":"nrt-3002","status":"publish","type":"product","link":"https:\/\/ahusturf.se\/de\/product\/nrt-3002\/","title":{"rendered":"NRT 3002"},"content":{"rendered":"      <section class=\"pt-50 pb-80 \" >\n            <div class=\"container\">\n      <div class=\"row\">\n         <div class=\"col-lg-7\">\n                        <h2 class=\"main-title mb-15 d-block d-lg-none h2\">NRT 3002<\/h2>\n\n                           \n\n<div class=\"img-reel\">\n         <img decoding=\"async\" src=\"https:\/\/ahusturf.se\/wp-content\/uploads\/2025\/05\/Produkt-NRT-3002-Rulle-hel-scaled.webp\" alt=\"http:\/\/2025-04-11%20A\u00b0husTurf%20Hybridgra\u00a8s\" \/>\n         <img decoding=\"async\" src=\"https:\/\/ahusturf.se\/wp-content\/uploads\/2025\/05\/Rutschkana-Ystad-Hybridgras-scaled.webp\" alt=\"http:\/\/Rutschkana%20Ystad%20Hybridgr\u00e4s\" \/>\n         <img decoding=\"async\" src=\"https:\/\/ahusturf.se\/wp-content\/uploads\/2025\/05\/Rutschkana-Ystad-Hybridgras-integrerard-scaled.webp\" alt=\"http:\/\/Rutschkana%20Ystad%20Hybridgr\u00e4s%20integrerard\" \/>\n         <img decoding=\"async\" src=\"https:\/\/ahusturf.se\/wp-content\/uploads\/2025\/05\/Gotene-fore-Hybridgras-scaled.webp\" alt=\"http:\/\/G\u00f6tene%20f\u00f6re%20Hybridgr\u00e4s\" \/>\n         <img decoding=\"async\" src=\"https:\/\/ahusturf.se\/wp-content\/uploads\/2025\/05\/Gotene-Hybridgras-scaled.webp\" alt=\"http:\/\/G\u00f6tene%20Hybridgr\u00e4s\" \/>\n         <img decoding=\"async\" src=\"https:\/\/ahusturf.se\/wp-content\/uploads\/2025\/05\/Gotene-Hybridgras-Integrerat-scaled.webp\" alt=\"http:\/\/G\u00f6tene%20Hybridgr\u00e4s%20Integrerat\" \/>\n   <\/div>\n                        \n\n                           <div class=\"btn-wrapper mt-30 mb-10 d-block d-lg-none text-center\">\n                  \n               <a\n         href=\"https:\/\/ahusturf.se\/de\/kontaktieren-sie-uns\/\"\n         class=\"theme-btn\"\n         >\n         Spezifikation      <\/a>\n                     <a\n         href=\"https:\/\/ahusturf.se\/de\/kontaktieren-sie-uns\/\"\n         class=\"theme-btn\"\n         >\n         Kontakt      <\/a>\n                        <\/div>\n                     <\/div>\n         <div class=\"col-lg-5\">\n            <div class=\"portfolio-specification-wrapper custom-sticky-block\">\n               <div class=\"text-container\">\n                                    <h2 class=\"main-title mb-15 d-none d-lg-block h2\">NRT 3002<\/h2>\n                  <p>NRT 3002 wurde entwickelt, um den h\u00e4rtesten Formen der Abnutzung standzuhalten. Die Klingenl\u00e4nge in Kombination mit der Lochgr\u00f6\u00dfe l\u00e4sst gen\u00fcgend Sonnenlicht durch, um das bestm\u00f6gliche Wachstum zu erm\u00f6glichen und gleichzeitig die Graskrone zu sch\u00fctzen. Die braune Grasnarbe ist im Gegensatz zur gr\u00fcnen rau und erm\u00f6glicht die Verlegung an steilen H\u00e4ngen, ohne dass die Gefahr besteht, dass Sie beim Betreten der Oberfl\u00e4che ausrutschen. Das Muster der R\u00fcckseite hat eine verst\u00e4rkende Wirkung und verhindert die Bodenverdichtung.   <\/p>\n\n                                    <div class=\"specification-table mt-60\">\n                     <table class=\"table table-borderless\">\n                        <tbody>\n                                                      <tr>\n                              <td>L\u00e4nge<\/td>\n                              <td>25m<\/td>\n                           <\/tr>\n                                                      <tr>\n                              <td>Breite<\/td>\n                              <td>2,4m<\/td>\n                           <\/tr>\n                                                      <tr>\n                              <td>Installation<\/td>\n                              <td>Vorhandener Rasen oder Saatbeet<\/td>\n                           <\/tr>\n                                                      <tr>\n                              <td>Anwendungsbereich<\/td>\n                              <td>H\u00e4rteste Beanspruchung, Schulen, Campingpl\u00e4tze, Spielpl\u00e4tze usw.<\/td>\n                           <\/tr>\n                                                   <\/tbody>\n                     <\/table>\n                     \n                  <\/div>\n                                 <\/div>\n\n                                 <div class=\"btn-wrapper mt-30 d-none d-lg-block\">\n                     \n               <a\n         href=\"https:\/\/ahusturf.se\/de\/kontaktieren-sie-uns\/\"\n         class=\"theme-btn\"\n         >\n         Spezifikation      <\/a>\n                     <a\n         href=\"https:\/\/ahusturf.se\/de\/kontaktieren-sie-uns\/\"\n         class=\"theme-btn\"\n         >\n         Kontakt      <\/a>\n                           <\/div>\n                              \n            <\/div>\n         <\/div>\n      <\/div>\n   <\/div>\n      <\/section>\n      ","protected":false},"excerpt":{"rendered":"<p>2016 brachte \u00c5husTurf die erste Ausgabe des NRT 3002 auf den Markt.<\/p>\n","protected":false},"featured_media":2462,"template":"","meta":{"_acf_changed":false,"footnotes":""},"product_cat":[6],"class_list":["post-2545","product","type-product","status-publish","has-post-thumbnail","hentry","product_cat-hybridgras-skolmiljoer-och-fotboll"],"acf":[],"_links":{"self":[{"href":"https:\/\/ahusturf.se\/de\/wp-json\/wp\/v2\/product\/2545","targetHints":{"allow":["GET"]}}],"collection":[{"href":"https:\/\/ahusturf.se\/de\/wp-json\/wp\/v2\/product"}],"about":[{"href":"https:\/\/ahusturf.se\/de\/wp-json\/wp\/v2\/types\/product"}],"version-history":[{"count":5,"href":"https:\/\/ahusturf.se\/de\/wp-json\/wp\/v2\/product\/2545\/revisions"}],"predecessor-version":[{"id":4231,"href":"https:\/\/ahusturf.se\/de\/wp-json\/wp\/v2\/product\/2545\/revisions\/4231"}],"wp:featuredmedia":[{"embeddable":true,"href":"https:\/\/ahusturf.se\/de\/wp-json\/wp\/v2\/media\/2462"}],"wp:attachment":[{"href":"https:\/\/ahusturf.se\/de\/wp-json\/wp\/v2\/media?parent=2545"}],"wp:term":[{"taxonomy":"product_cat","embeddable":true,"href":"https:\/\/ahusturf.se\/de\/wp-json\/wp\/v2\/product_cat?post=2545"}],"curies":[{"name":"wp","href":"https:\/\/api.w.org\/{rel}","templated":true}]}}