{"id":4456,"date":"2025-10-14T08:31:51","date_gmt":"2025-10-14T08:31:51","guid":{"rendered":"https:\/\/ahusturf.se\/?post_type=product&#038;p=4456"},"modified":"2025-10-14T08:31:51","modified_gmt":"2025-10-14T08:31:51","slug":"euro-hybrid-mall-4","status":"publish","type":"product","link":"https:\/\/ahusturf.se\/de\/product\/euro-hybrid-mall-4\/","title":{"rendered":"Euro Hybrid &#8211; Mall"},"content":{"rendered":"      <section class=\"pt-50 pb-80 \" >\n            <div class=\"container\">\n      <div class=\"row\">\n         <div class=\"col-lg-7\">\n                        <h2 class=\"main-title mb-15 d-block d-lg-none h2\">\u00c5T Lek 24<\/h2>\n\n                           \n\n<div class=\"img-reel\">\n         <img decoding=\"async\" src=\"https:\/\/ahusturf.se\/wp-content\/uploads\/2025\/10\/IMG_0171-scaled.webp\" alt=\"http:\/\/IMG_0171\" \/>\n   <\/div>\n                        \n\n                           <div class=\"btn-wrapper mt-30 mb-10 d-block d-lg-none text-center\">\n                  \n               <a\n         href=\"#\"\n         class=\"theme-btn\"\n         >\n         Specifikation      <\/a>\n                     <a\n         href=\"#\"\n         class=\"theme-btn\"\n         >\n         Kontakt      <\/a>\n                        <\/div>\n                     <\/div>\n         <div class=\"col-lg-5\">\n            <div class=\"portfolio-specification-wrapper custom-sticky-block\">\n               <div class=\"text-container\">\n                                    <h2 class=\"main-title mb-15 d-none d-lg-block h2\">\u00c5T Lek 24<\/h2>\n                  <p>Konstgr\u00e4set \u00c5T Lek 24 \u00e4r utvecklad f\u00f6r att t\u00e5la och prestera p\u00e5 dem tuffaste lekmilj\u00f6erna och sportytorna. P\u00e5 multiarenan, bollplanen eller varf\u00f6r inte runt lekplatsen. \u00c5T Lek 24 \u00e4r kompatibel med v\u00e5r fallskyddspadd enligt EN1177:2008 standard och klarar fallskyddsh\u00f6jder upp till 3 meter. Produkten har raka PE str\u00e5n d\u00e4r vi anv\u00e4nder sandinfill f\u00f6r att f\u00e5 str\u00e5na att st\u00e5 rakare samt h\u00e5lla konstgr\u00e4set p\u00e5 plats.<\/p>\n\n                                    <div class=\"specification-table mt-60\">\n                     <table class=\"table table-borderless\">\n                        <tbody>\n                                                      <tr>\n                              <td>L\u00e4nge<\/td>\n                              <td>25 m<\/td>\n                           <\/tr>\n                                                      <tr>\n                              <td>Breite<\/td>\n                              <td>4 m<\/td>\n                           <\/tr>\n                                                      <tr>\n                              <td>Installation<\/td>\n                              <td>Stenmj\u00f6l<\/td>\n                           <\/tr>\n                                                      <tr>\n                              <td>Infill<\/td>\n                              <td>Sand 20-25 kg\/m2<\/td>\n                           <\/tr>\n                                                   <\/tbody>\n                     <\/table>\n                     \n                  <\/div>\n                                 <\/div>\n\n                                 <div class=\"btn-wrapper mt-30 d-none d-lg-block\">\n                     \n               <a\n         href=\"#\"\n         class=\"theme-btn\"\n         >\n         Specifikation      <\/a>\n                     <a\n         href=\"#\"\n         class=\"theme-btn\"\n         >\n         Kontakt      <\/a>\n                           <\/div>\n                              \n            <\/div>\n         <\/div>\n      <\/div>\n   <\/div>\n      <\/section>\n            <section class=\"pt-80 pb-80 \" >\n            <div class=\"container\">\n      <div class=\"row\">\n         <div class=\"col-lg-12\">\n            <div class=\"section-heading has-border-bottom has-cta-block has-slider-arrows\">\n               <div class=\"heading-block\">\n                                    <h3 class=\"h3\">Mehr von unseren Produkten<\/h3>\n               <\/div>\n                           <\/div>\n\n                        <div class=\"single-product-wrapper\">\n               <div class=\"row single-product-block-slider slider-arrows-top-lg\">\n                                 <\/div>\n            <\/div>\n            \n                     <\/div>\n      <\/div>\n   <\/div>\n      <\/section>\n      ","protected":false},"excerpt":{"rendered":"<p>unser erstes Produkt auf dem Weg zu umweltfreundlicheren Produkten.<\/p>\n","protected":false},"featured_media":4495,"template":"","meta":{"_acf_changed":false,"footnotes":""},"product_cat":[],"class_list":["post-4456","product","type-product","status-publish","has-post-thumbnail","hentry"],"acf":[],"_links":{"self":[{"href":"https:\/\/ahusturf.se\/de\/wp-json\/wp\/v2\/product\/4456","targetHints":{"allow":["GET"]}}],"collection":[{"href":"https:\/\/ahusturf.se\/de\/wp-json\/wp\/v2\/product"}],"about":[{"href":"https:\/\/ahusturf.se\/de\/wp-json\/wp\/v2\/types\/product"}],"version-history":[{"count":1,"href":"https:\/\/ahusturf.se\/de\/wp-json\/wp\/v2\/product\/4456\/revisions"}],"predecessor-version":[{"id":4458,"href":"https:\/\/ahusturf.se\/de\/wp-json\/wp\/v2\/product\/4456\/revisions\/4458"}],"wp:featuredmedia":[{"embeddable":true,"href":"https:\/\/ahusturf.se\/de\/wp-json\/wp\/v2\/media\/4495"}],"wp:attachment":[{"href":"https:\/\/ahusturf.se\/de\/wp-json\/wp\/v2\/media?parent=4456"}],"wp:term":[{"taxonomy":"product_cat","embeddable":true,"href":"https:\/\/ahusturf.se\/de\/wp-json\/wp\/v2\/product_cat?post=4456"}],"curies":[{"name":"wp","href":"https:\/\/api.w.org\/{rel}","templated":true}]}}