{"id":4469,"date":"2025-10-14T08:34:14","date_gmt":"2025-10-14T08:34:14","guid":{"rendered":"https:\/\/ahusturf.se\/?post_type=product&#038;p=4469"},"modified":"2025-10-14T08:34:14","modified_gmt":"2025-10-14T08:34:14","slug":"euro-hybrid-mall-5","status":"publish","type":"product","link":"https:\/\/ahusturf.se\/de\/product\/euro-hybrid-mall-5\/","title":{"rendered":"Euro Hybrid &#8211; Mall"},"content":{"rendered":"      <section class=\"pt-50 pb-80 \" >\n            <div class=\"container\">\n      <div class=\"row\">\n         <div class=\"col-lg-7\">\n                        <h2 class=\"main-title mb-15 d-block d-lg-none h2\">Milj\u00f6 25, Lek<\/h2>\n\n                           \n\n<div class=\"img-reel\">\n         <img decoding=\"async\" src=\"https:\/\/ahusturf.se\/wp-content\/uploads\/2025\/10\/IMG_0175-scaled.webp\" alt=\"http:\/\/IMG_0175\" \/>\n         <img decoding=\"async\" src=\"https:\/\/ahusturf.se\/wp-content\/uploads\/2025\/10\/IMG_0174-scaled.webp\" alt=\"http:\/\/IMG_0174\" \/>\n   <\/div>\n                        \n\n                           <div class=\"btn-wrapper mt-30 mb-10 d-block d-lg-none text-center\">\n                  \n               <a\n         href=\"#\"\n         class=\"theme-btn\"\n         >\n         Specifikation      <\/a>\n                     <a\n         href=\"#\"\n         class=\"theme-btn\"\n         >\n         Kontakt      <\/a>\n                        <\/div>\n                     <\/div>\n         <div class=\"col-lg-5\">\n            <div class=\"portfolio-specification-wrapper custom-sticky-block\">\n               <div class=\"text-container\">\n                                    <h2 class=\"main-title mb-15 d-none d-lg-block h2\">Milj\u00f6 25, Lek<\/h2>\n                  <p>Milj\u00f6 25 Lek \u00e4r v\u00e5rt mest milj\u00f6v\u00e4nliga konstgr\u00e4s. Med v\u00e5r ECO backing s\u00e5 \u00e4r hela produkten \u00e4r i samma polyfamilj f\u00f6r att underl\u00e4tta \u00e5tervinning av produkten. Milj\u00f6 25 lek l\u00e4mpar sig b\u00e5de till landskap och lekmilj\u00f6er och beh\u00f6ver endast 5-10 kg sand per kvadratmeter.<\/p>\n\n                                    <div class=\"specification-table mt-60\">\n                     <table class=\"table table-borderless\">\n                        <tbody>\n                                                      <tr>\n                              <td>L\u00e4nge<\/td>\n                              <td>25 m<\/td>\n                           <\/tr>\n                                                      <tr>\n                              <td>Breite<\/td>\n                              <td>4 m<\/td>\n                           <\/tr>\n                                                      <tr>\n                              <td>Installation<\/td>\n                              <td>Stenmj\u00f6l<\/td>\n                           <\/tr>\n                                                      <tr>\n                              <td>Infill<\/td>\n                              <td>Sand 5-10 kg\/m2<\/td>\n                           <\/tr>\n                                                   <\/tbody>\n                     <\/table>\n                     \n                  <\/div>\n                                 <\/div>\n\n                                 <div class=\"btn-wrapper mt-30 d-none d-lg-block\">\n                     \n               <a\n         href=\"#\"\n         class=\"theme-btn\"\n         >\n         Specifikation      <\/a>\n                     <a\n         href=\"#\"\n         class=\"theme-btn\"\n         >\n         Kontakt      <\/a>\n                           <\/div>\n                              \n            <\/div>\n         <\/div>\n      <\/div>\n   <\/div>\n      <\/section>\n            <section class=\"pt-80 pb-80 \" >\n            <div class=\"container\">\n      <div class=\"row\">\n         <div class=\"col-lg-12\">\n            <div class=\"section-heading has-border-bottom has-cta-block has-slider-arrows\">\n               <div class=\"heading-block\">\n                                    <h3 class=\"h3\">Mehr von unseren Produkten<\/h3>\n               <\/div>\n                           <\/div>\n\n                        <div class=\"single-product-wrapper\">\n               <div class=\"row single-product-block-slider slider-arrows-top-lg\">\n                                 <\/div>\n            <\/div>\n            \n                     <\/div>\n      <\/div>\n   <\/div>\n      <\/section>\n      ","protected":false},"excerpt":{"rendered":"<p>unser erstes Produkt auf dem Weg zu umweltfreundlicheren Produkten.<\/p>\n","protected":false},"featured_media":4484,"template":"","meta":{"_acf_changed":false,"footnotes":""},"product_cat":[],"class_list":["post-4469","product","type-product","status-publish","has-post-thumbnail","hentry"],"acf":[],"_links":{"self":[{"href":"https:\/\/ahusturf.se\/de\/wp-json\/wp\/v2\/product\/4469","targetHints":{"allow":["GET"]}}],"collection":[{"href":"https:\/\/ahusturf.se\/de\/wp-json\/wp\/v2\/product"}],"about":[{"href":"https:\/\/ahusturf.se\/de\/wp-json\/wp\/v2\/types\/product"}],"version-history":[{"count":1,"href":"https:\/\/ahusturf.se\/de\/wp-json\/wp\/v2\/product\/4469\/revisions"}],"predecessor-version":[{"id":4471,"href":"https:\/\/ahusturf.se\/de\/wp-json\/wp\/v2\/product\/4469\/revisions\/4471"}],"wp:featuredmedia":[{"embeddable":true,"href":"https:\/\/ahusturf.se\/de\/wp-json\/wp\/v2\/media\/4484"}],"wp:attachment":[{"href":"https:\/\/ahusturf.se\/de\/wp-json\/wp\/v2\/media?parent=4469"}],"wp:term":[{"taxonomy":"product_cat","embeddable":true,"href":"https:\/\/ahusturf.se\/de\/wp-json\/wp\/v2\/product_cat?post=4469"}],"curies":[{"name":"wp","href":"https:\/\/api.w.org\/{rel}","templated":true}]}}