{"id":4534,"date":"2025-10-14T08:40:51","date_gmt":"2025-10-14T08:40:51","guid":{"rendered":"https:\/\/ahusturf.se\/?post_type=product&#038;p=4534"},"modified":"2025-10-14T08:40:51","modified_gmt":"2025-10-14T08:40:51","slug":"euro-hybrid-mall-7","status":"publish","type":"product","link":"https:\/\/ahusturf.se\/de\/product\/euro-hybrid-mall-7\/","title":{"rendered":"Euro Hybrid &#8211; Mall"},"content":{"rendered":"      <section class=\"pt-50 pb-80 \" >\n            <div class=\"container\">\n      <div class=\"row\">\n         <div class=\"col-lg-7\">\n                        <h2 class=\"main-title mb-15 d-block d-lg-none h2\">Euro-Hybrid<\/h2>\n\n                           \n\n<div class=\"img-reel\">\n         <img decoding=\"async\" src=\"https:\/\/ahusturf.se\/wp-content\/uploads\/2025\/04\/img3.webp\" alt=\"http:\/\/img3\" \/>\n         <img decoding=\"async\" src=\"https:\/\/ahusturf.se\/wp-content\/uploads\/2025\/04\/img3-1.webp\" alt=\"http:\/\/img3\" \/>\n         <img decoding=\"async\" src=\"https:\/\/ahusturf.se\/wp-content\/uploads\/2025\/04\/img3-2.webp\" alt=\"http:\/\/img3\" \/>\n         <img decoding=\"async\" src=\"https:\/\/ahusturf.se\/wp-content\/uploads\/2025\/04\/img3-3.webp\" alt=\"http:\/\/img3\" \/>\n   <\/div>\n                        \n\n                           <div class=\"btn-wrapper mt-30 mb-10 d-block d-lg-none text-center\">\n                  \n               <a\n         href=\"#\"\n         class=\"theme-btn\"\n         >\n         Specifikation      <\/a>\n                     <a\n         href=\"#\"\n         class=\"theme-btn\"\n         >\n         Kontakt      <\/a>\n                        <\/div>\n                     <\/div>\n         <div class=\"col-lg-5\">\n            <div class=\"portfolio-specification-wrapper custom-sticky-block\">\n               <div class=\"text-container\">\n                                    <h2 class=\"main-title mb-15 d-none d-lg-block h2\">Euro-Hybrid<\/h2>\n                  <p>\u00c5husTurf Euro Hybrid ist unser erstes Produkt auf dem Weg zu umweltfreundlicheren Produkten. Das Produkt wird in Europa aus 100% recycelbarem Material hergestellt und entwickelt. Bei Euro Hybrid sind die Kunststoffhalme und das Tr\u00e4germaterial aus der gleichen Polymerfamilie. Bei der Produktion f\u00e4llt kein Abfall an, sondern das gesamte Material wird f\u00fcr die n\u00e4chste Produktion wiederverwendet. Die Beschichtung ist aus Acryl. Das Ziel von Euro Hybrid ist, dass das gesamte Produkt aus demselben Kunststoff und aus recyceltem Material hergestellt wird. Euro Hybrid wurde entwickelt, um den anspruchsvollsten Oberfl\u00e4chen gerecht zu werden, auf denen Abnutzung auftritt, damit Sie das ganze Jahr \u00fcber eine gr\u00fcne und sch\u00f6ne Oberfl\u00e4che haben.      <\/p>\n\n                                    <div class=\"specification-table mt-60\">\n                     <table class=\"table table-borderless\">\n                        <tbody>\n                                                      <tr>\n                              <td>L\u00e4nge<\/td>\n                              <td>25m<\/td>\n                           <\/tr>\n                                                      <tr>\n                              <td>Breite<\/td>\n                              <td>2,2m<\/td>\n                           <\/tr>\n                                                      <tr>\n                              <td>Installation<\/td>\n                              <td>Vorhandenes Gras oder Saatbeet<\/td>\n                           <\/tr>\n                                                   <\/tbody>\n                     <\/table>\n                     \n                  <\/div>\n                                 <\/div>\n\n                                 <div class=\"btn-wrapper mt-30 d-none d-lg-block\">\n                     \n               <a\n         href=\"#\"\n         class=\"theme-btn\"\n         >\n         Specifikation      <\/a>\n                     <a\n         href=\"#\"\n         class=\"theme-btn\"\n         >\n         Kontakt      <\/a>\n                           <\/div>\n                              \n            <\/div>\n         <\/div>\n      <\/div>\n   <\/div>\n      <\/section>\n            <section class=\"pt-80 pb-80 \" >\n            <div class=\"container\">\n      <div class=\"row\">\n         <div class=\"col-lg-12\">\n            <div class=\"section-heading has-border-bottom has-cta-block has-slider-arrows\">\n               <div class=\"heading-block\">\n                                    <h3 class=\"h3\">Mehr von unseren Produkten<\/h3>\n               <\/div>\n                           <\/div>\n\n                        <div class=\"single-product-wrapper\">\n               <div class=\"row single-product-block-slider slider-arrows-top-lg\">\n                                 <\/div>\n            <\/div>\n            \n                     <\/div>\n      <\/div>\n   <\/div>\n      <\/section>\n      ","protected":false},"excerpt":{"rendered":"<p>unser erstes Produkt auf dem Weg zu umweltfreundlicheren Produkten.<\/p>\n","protected":false},"featured_media":4543,"template":"","meta":{"_acf_changed":false,"footnotes":""},"product_cat":[],"class_list":["post-4534","product","type-product","status-publish","has-post-thumbnail","hentry"],"acf":[],"_links":{"self":[{"href":"https:\/\/ahusturf.se\/de\/wp-json\/wp\/v2\/product\/4534","targetHints":{"allow":["GET"]}}],"collection":[{"href":"https:\/\/ahusturf.se\/de\/wp-json\/wp\/v2\/product"}],"about":[{"href":"https:\/\/ahusturf.se\/de\/wp-json\/wp\/v2\/types\/product"}],"version-history":[{"count":1,"href":"https:\/\/ahusturf.se\/de\/wp-json\/wp\/v2\/product\/4534\/revisions"}],"predecessor-version":[{"id":4536,"href":"https:\/\/ahusturf.se\/de\/wp-json\/wp\/v2\/product\/4534\/revisions\/4536"}],"wp:featuredmedia":[{"embeddable":true,"href":"https:\/\/ahusturf.se\/de\/wp-json\/wp\/v2\/media\/4543"}],"wp:attachment":[{"href":"https:\/\/ahusturf.se\/de\/wp-json\/wp\/v2\/media?parent=4534"}],"wp:term":[{"taxonomy":"product_cat","embeddable":true,"href":"https:\/\/ahusturf.se\/de\/wp-json\/wp\/v2\/product_cat?post=4534"}],"curies":[{"name":"wp","href":"https:\/\/api.w.org\/{rel}","templated":true}]}}