{"id":5223,"date":"2026-01-09T12:42:34","date_gmt":"2026-01-09T12:42:34","guid":{"rendered":"https:\/\/ahusturf.se\/?post_type=product&#038;p=5223"},"modified":"2026-01-09T12:42:34","modified_gmt":"2026-01-09T12:42:34","slug":"abschlagmatte-3","status":"publish","type":"product","link":"https:\/\/ahusturf.se\/de\/product\/abschlagmatte-3\/","title":{"rendered":"Abschlagmatte"},"content":{"rendered":"      <section class=\"pt-50 pb-80 \" >\n            <div class=\"container\">\n      <div class=\"row\">\n         <div class=\"col-lg-7\">\n                        <h2 class=\"main-title mb-15 d-block d-lg-none h2\">Rangematta Standard<\/h2>\n\n                           \n\n<div class=\"img-reel\">\n         <img decoding=\"async\" src=\"https:\/\/ahusturf.se\/wp-content\/uploads\/2025\/11\/Range-Standard.webp\" alt=\"http:\/\/Range%20Standard\" \/>\n   <\/div>\n                        \n\n                           <div class=\"btn-wrapper mt-30 mb-10 d-block d-lg-none text-center\">\n                  \n               <a\n         href=\"https:\/\/ahusturf.se\/kontakt\/\"\n         class=\"theme-btn\"\n         >\n         Kontakt      <\/a>\n                        <\/div>\n                     <\/div>\n         <div class=\"col-lg-5\">\n            <div class=\"portfolio-specification-wrapper custom-sticky-block\">\n               <div class=\"text-container\">\n                                    <h2 class=\"main-title mb-15 d-none d-lg-block h2\">Rangematta Standard<\/h2>\n                  <p>Rangematta Standard \u00e4r en prisv\u00e4rd produkt som levererar det som f\u00f6rv\u00e4ntas av en rangematta.<\/p>\n<p>Slitsar f\u00f6r golfpeg ing\u00e5r.<\/p>\n<p>&nbsp;<\/p>\n\n                                    <div class=\"specification-table mt-60\">\n                     <table class=\"table table-borderless\">\n                        <tbody>\n                                                      <tr>\n                              <td>L\u00e4nge<\/td>\n                              <td>1,5m<\/td>\n                           <\/tr>\n                                                      <tr>\n                              <td>Breite<\/td>\n                              <td>1,5m<\/td>\n                           <\/tr>\n                                                   <\/tbody>\n                     <\/table>\n                     \n                  <\/div>\n                                 <\/div>\n\n                                 <div class=\"btn-wrapper mt-30 d-none d-lg-block\">\n                     \n               <a\n         href=\"https:\/\/ahusturf.se\/kontakt\/\"\n         class=\"theme-btn\"\n         >\n         Kontakt      <\/a>\n                           <\/div>\n                              \n            <\/div>\n         <\/div>\n      <\/div>\n   <\/div>\n      <\/section>\n            <section class=\"pt-80 pb-80 \" >\n            <div class=\"container\">\n      <div class=\"row\">\n         <div class=\"col-lg-12\">\n            <div class=\"section-heading has-border-bottom has-cta-block has-slider-arrows\">\n               <div class=\"heading-block\">\n                                    <h3 class=\"h3\">Mehr von unseren Produkten<\/h3>\n               <\/div>\n                           <\/div>\n\n                        <div class=\"single-product-wrapper\">\n               <div class=\"row single-product-block-slider slider-arrows-top-lg\">\n                                 <\/div>\n            <\/div>\n            \n                     <\/div>\n      <\/div>\n   <\/div>\n      <\/section>\n      ","protected":false},"excerpt":{"rendered":"","protected":false},"featured_media":5229,"template":"","meta":{"_acf_changed":false,"footnotes":""},"product_cat":[],"class_list":["post-5223","product","type-product","status-publish","has-post-thumbnail","hentry"],"acf":[],"_links":{"self":[{"href":"https:\/\/ahusturf.se\/de\/wp-json\/wp\/v2\/product\/5223","targetHints":{"allow":["GET"]}}],"collection":[{"href":"https:\/\/ahusturf.se\/de\/wp-json\/wp\/v2\/product"}],"about":[{"href":"https:\/\/ahusturf.se\/de\/wp-json\/wp\/v2\/types\/product"}],"version-history":[{"count":1,"href":"https:\/\/ahusturf.se\/de\/wp-json\/wp\/v2\/product\/5223\/revisions"}],"predecessor-version":[{"id":5225,"href":"https:\/\/ahusturf.se\/de\/wp-json\/wp\/v2\/product\/5223\/revisions\/5225"}],"wp:featuredmedia":[{"embeddable":true,"href":"https:\/\/ahusturf.se\/de\/wp-json\/wp\/v2\/media\/5229"}],"wp:attachment":[{"href":"https:\/\/ahusturf.se\/de\/wp-json\/wp\/v2\/media?parent=5223"}],"wp:term":[{"taxonomy":"product_cat","embeddable":true,"href":"https:\/\/ahusturf.se\/de\/wp-json\/wp\/v2\/product_cat?post=5223"}],"curies":[{"name":"wp","href":"https:\/\/api.w.org\/{rel}","templated":true}]}}