{"id":2469,"date":"2025-04-09T08:55:39","date_gmt":"2025-04-09T08:55:39","guid":{"rendered":"https:\/\/ahusturf.se\/product\/nrt-3002-footpaths\/"},"modified":"2025-09-02T13:50:44","modified_gmt":"2025-09-02T13:50:44","slug":"nrt-3002-footpaths","status":"publish","type":"product","link":"https:\/\/ahusturf.se\/en\/product\/nrt-3002-footpaths\/","title":{"rendered":"NRT 3002 &#8211; Walkways"},"content":{"rendered":"      <section class=\"pt-50 pb-80 \" >\n            <div class=\"container\">\n      <div class=\"row\">\n         <div class=\"col-lg-7\">\n                        <h2 class=\"main-title mb-15 d-block d-lg-none h2\">NRT 3002<\/h2>\n\n                           \n\n<div class=\"img-reel\">\n         <img decoding=\"async\" src=\"https:\/\/ahusturf.se\/wp-content\/uploads\/2025\/05\/Produkt-NRT-3002-Rulle-hel-scaled.webp\" alt=\"http:\/\/2025-04-11%20A\u00b0husTurf%20Hybridgra\u00a8s\" \/>\n         <img decoding=\"async\" src=\"https:\/\/ahusturf.se\/wp-content\/uploads\/2025\/05\/Rya-GK-Gangvag-Hybridgras-scaled.webp\" alt=\"http:\/\/Rya%20GK%20G\u00e5ngv\u00e4g%20Hybridgr\u00e4s\" \/>\n         <img decoding=\"async\" src=\"https:\/\/ahusturf.se\/wp-content\/uploads\/2025\/05\/Rya-GK-Hybridgras-integrerat-scaled.webp\" alt=\"http:\/\/Rya%20GK%20Hybridgr\u00e4s%20integrerat\" \/>\n         <img decoding=\"async\" src=\"https:\/\/ahusturf.se\/wp-content\/uploads\/2025\/05\/Gangvag-Hybridgras-scaled.webp\" alt=\"http:\/\/G\u00e5ngv\u00e4g%20Hybridgr\u00e4s\" \/>\n         <img decoding=\"async\" src=\"https:\/\/ahusturf.se\/wp-content\/uploads\/2025\/05\/Gangvag-Hybridgras-integrerat-scaled.webp\" alt=\"http:\/\/G\u00e5ngv\u00e4g%20Hybridgr\u00e4s%20integrerat\" \/>\n         <img decoding=\"async\" src=\"https:\/\/ahusturf.se\/wp-content\/uploads\/2025\/05\/The-National-Gangvag-Hybridgras-scaled.webp\" alt=\"http:\/\/The%20National%20G\u00e5ngv\u00e4g%20Hybridgr\u00e4s\" \/>\n         <img decoding=\"async\" src=\"https:\/\/ahusturf.se\/wp-content\/uploads\/2025\/05\/The-National-Gangvag-Hybridgras-integrerat-scaled.webp\" alt=\"http:\/\/The%20National%20G\u00e5ngv\u00e4g%20Hybridgr\u00e4s%20integrerat\" \/>\n   <\/div>\n                        \n\n                           <div class=\"btn-wrapper mt-30 mb-10 d-block d-lg-none text-center\">\n                  \n               <a\n         href=\"https:\/\/ahusturf.se\/wp-content\/uploads\/2025\/08\/NRT-3002_R1K.pdf\"\n         class=\"theme-btn\"\n          target=\"_blank\">\n         Specification      <\/a>\n                     <a\n         href=\"https:\/\/ahusturf.se\/en\/contact-us\/\"\n         class=\"theme-btn\"\n         >\n         Contact      <\/a>\n                        <\/div>\n                     <\/div>\n         <div class=\"col-lg-5\">\n            <div class=\"portfolio-specification-wrapper custom-sticky-block\">\n               <div class=\"text-container\">\n                                    <h2 class=\"main-title mb-15 d-none d-lg-block h2\">NRT 3002<\/h2>\n                  <p>NRT 3002 is designed to withstand the toughest forms of wear. The blade length combined with the hole size allows enough sunlight to pass through to allow for the best growth possible while still protecting the grass crown. The brown thatch is rough unlike the green, allowing for installations on steep slopes without the risk of slipping when stepping on the surface. The backing pattern provides a reinforcing effect, preventing soil compaction.<\/p>\n\n                                    <div class=\"specification-table mt-60\">\n                     <table class=\"table table-borderless\">\n                        <tbody>\n                                                      <tr>\n                              <td>Length<\/td>\n                              <td>25m<\/td>\n                           <\/tr>\n                                                      <tr>\n                              <td>Width<\/td>\n                              <td>2,4m<\/td>\n                           <\/tr>\n                                                      <tr>\n                              <td>Installation<\/td>\n                              <td>Existing grass or seedbed<\/td>\n                           <\/tr>\n                                                   <\/tbody>\n                     <\/table>\n                     \n                  <\/div>\n                                 <\/div>\n\n                                 <div class=\"btn-wrapper mt-30 d-none d-lg-block\">\n                     \n               <a\n         href=\"https:\/\/ahusturf.se\/wp-content\/uploads\/2025\/08\/NRT-3002_R1K.pdf\"\n         class=\"theme-btn\"\n          target=\"_blank\">\n         Specification      <\/a>\n                     <a\n         href=\"https:\/\/ahusturf.se\/en\/contact-us\/\"\n         class=\"theme-btn\"\n         >\n         Contact      <\/a>\n                           <\/div>\n                              \n            <\/div>\n         <\/div>\n      <\/div>\n   <\/div>\n      <\/section>\n      \n\n      <section class=\"pt-80 pb-80 \" >\n            <div class=\"container\">\n      <div class=\"row\">\n         <div class=\"col-lg-12\">\n            <div class=\"section-heading has-border-bottom has-cta-block has-slider-arrows\">\n               <div class=\"heading-block\">\n                                    <h3 class=\"h3\">More of our products<\/h3>\n               <\/div>\n                           <\/div>\n\n                        <div class=\"single-product-wrapper\">\n               <div class=\"row single-product-block-slider slider-arrows-top-lg\">\n                  <div class=\"col-xl-3 col-md-4 col-6 slider-col\">\n   <div class=\"single-product-block on-hover-img-scale\">\n\n      <a href=\"https:\/\/ahusturf.se\/en\/product\/euro-hybrid\/\" class=\"whole-link\"><\/a>\n\n      <div class=\"img-container br-15\">\n         <img decoding=\"async\" src=\"https:\/\/ahusturf.se\/wp-content\/uploads\/2025\/05\/Produkt-EURO-HYBRID-Rulle-hel-scaled.webp\" class=\"attachment-medium-large size-medium-large wp-post-image\" alt=\"\" srcset=\"https:\/\/ahusturf.se\/wp-content\/uploads\/2025\/05\/Produkt-EURO-HYBRID-Rulle-hel-scaled.webp 2560w, https:\/\/ahusturf.se\/wp-content\/uploads\/2025\/05\/Produkt-EURO-HYBRID-Rulle-hel-450x310.webp 450w, https:\/\/ahusturf.se\/wp-content\/uploads\/2025\/05\/Produkt-EURO-HYBRID-Rulle-hel-1024x705.webp 1024w, https:\/\/ahusturf.se\/wp-content\/uploads\/2025\/05\/Produkt-EURO-HYBRID-Rulle-hel-768x529.webp 768w, https:\/\/ahusturf.se\/wp-content\/uploads\/2025\/05\/Produkt-EURO-HYBRID-Rulle-hel-1536x1058.webp 1536w, https:\/\/ahusturf.se\/wp-content\/uploads\/2025\/05\/Produkt-EURO-HYBRID-Rulle-hel-2048x1410.webp 2048w\" sizes=\"(max-width: 2560px) 100vw, 2560px\" \/>      <\/div>\n\n      <div class=\"text-container mt-15\">\n         <h6 class=\"main-title\">Euro Hybrid<\/h6>\n         Our first product in the journey towards more environmentally friendly products.      <\/div>\n\n      <div class=\"btn-wrapper mt-20\">\n         <a href=\"https:\/\/ahusturf.se\/en\/product\/euro-hybrid\/\" class=\"theme-btn w-100\">More information<\/a>\n      <\/div>\n   <\/div>\n<\/div><div class=\"col-xl-3 col-md-4 col-6 slider-col\">\n   <div class=\"single-product-block on-hover-img-scale\">\n\n      <a href=\"https:\/\/ahusturf.se\/en\/product\/nrt-3002\/\" class=\"whole-link\"><\/a>\n\n      <div class=\"img-container br-15\">\n         <img decoding=\"async\" src=\"https:\/\/ahusturf.se\/wp-content\/uploads\/2025\/05\/Produkt-NRT-3002-Rulle-hel-scaled.webp\" class=\"attachment-medium-large size-medium-large wp-post-image\" alt=\"\" srcset=\"https:\/\/ahusturf.se\/wp-content\/uploads\/2025\/05\/Produkt-NRT-3002-Rulle-hel-scaled.webp 2560w, https:\/\/ahusturf.se\/wp-content\/uploads\/2025\/05\/Produkt-NRT-3002-Rulle-hel-450x348.webp 450w, https:\/\/ahusturf.se\/wp-content\/uploads\/2025\/05\/Produkt-NRT-3002-Rulle-hel-1024x791.webp 1024w, https:\/\/ahusturf.se\/wp-content\/uploads\/2025\/05\/Produkt-NRT-3002-Rulle-hel-768x593.webp 768w, https:\/\/ahusturf.se\/wp-content\/uploads\/2025\/05\/Produkt-NRT-3002-Rulle-hel-1536x1186.webp 1536w, https:\/\/ahusturf.se\/wp-content\/uploads\/2025\/05\/Produkt-NRT-3002-Rulle-hel-2048x1582.webp 2048w\" sizes=\"(max-width: 2560px) 100vw, 2560px\" \/>      <\/div>\n\n      <div class=\"text-container mt-15\">\n         <h6 class=\"main-title\">NRT 3002<\/h6>\n         2016 we launched the first edition of NRT 3002 for extreme wear.       <\/div>\n\n      <div class=\"btn-wrapper mt-20\">\n         <a href=\"https:\/\/ahusturf.se\/en\/product\/nrt-3002\/\" class=\"theme-btn w-100\">More information<\/a>\n      <\/div>\n   <\/div>\n<\/div><div class=\"col-xl-3 col-md-4 col-6 slider-col\">\n   <div class=\"single-product-block on-hover-img-scale\">\n\n      <a href=\"https:\/\/ahusturf.se\/en\/product\/nrt-3002-diy\/\" class=\"whole-link\"><\/a>\n\n      <div class=\"img-container br-15\">\n         <img decoding=\"async\" src=\"https:\/\/ahusturf.se\/wp-content\/uploads\/2025\/05\/Produkt-NRT-3002-DIY-presentation-scaled.webp\" class=\"attachment-medium-large size-medium-large wp-post-image\" alt=\"Hybridgr\u00e4s\" srcset=\"https:\/\/ahusturf.se\/wp-content\/uploads\/2025\/05\/Produkt-NRT-3002-DIY-presentation-scaled.webp 2560w, https:\/\/ahusturf.se\/wp-content\/uploads\/2025\/05\/Produkt-NRT-3002-DIY-presentation-450x328.webp 450w, https:\/\/ahusturf.se\/wp-content\/uploads\/2025\/05\/Produkt-NRT-3002-DIY-presentation-1024x745.webp 1024w, https:\/\/ahusturf.se\/wp-content\/uploads\/2025\/05\/Produkt-NRT-3002-DIY-presentation-768x559.webp 768w, https:\/\/ahusturf.se\/wp-content\/uploads\/2025\/05\/Produkt-NRT-3002-DIY-presentation-1536x1118.webp 1536w, https:\/\/ahusturf.se\/wp-content\/uploads\/2025\/05\/Produkt-NRT-3002-DIY-presentation-2048x1491.webp 2048w\" sizes=\"(max-width: 2560px) 100vw, 2560px\" \/>      <\/div>\n\n      <div class=\"text-container mt-15\">\n         <h6 class=\"main-title\">NRT 3002 DIY<\/h6>\n         Do it yourself is easier to install      <\/div>\n\n      <div class=\"btn-wrapper mt-20\">\n         <a href=\"https:\/\/ahusturf.se\/en\/product\/nrt-3002-diy\/\" class=\"theme-btn w-100\">More information<\/a>\n      <\/div>\n   <\/div>\n<\/div><div class=\"col-xl-3 col-md-4 col-6 slider-col\">\n   <div class=\"single-product-block on-hover-img-scale\">\n\n      <a href=\"https:\/\/ahusturf.se\/en\/product\/cl-soft-fall-protection\/\" class=\"whole-link\"><\/a>\n\n      <div class=\"img-container br-15\">\n         <img decoding=\"async\" src=\"https:\/\/ahusturf.se\/wp-content\/uploads\/2025\/05\/Produkt-Shockpad-scaled.webp\" class=\"attachment-medium-large size-medium-large wp-post-image\" alt=\"\" srcset=\"https:\/\/ahusturf.se\/wp-content\/uploads\/2025\/05\/Produkt-Shockpad-scaled.webp 2560w, https:\/\/ahusturf.se\/wp-content\/uploads\/2025\/05\/Produkt-Shockpad-450x348.webp 450w, https:\/\/ahusturf.se\/wp-content\/uploads\/2025\/05\/Produkt-Shockpad-1024x791.webp 1024w, https:\/\/ahusturf.se\/wp-content\/uploads\/2025\/05\/Produkt-Shockpad-768x593.webp 768w, https:\/\/ahusturf.se\/wp-content\/uploads\/2025\/05\/Produkt-Shockpad-1536x1187.webp 1536w, https:\/\/ahusturf.se\/wp-content\/uploads\/2025\/05\/Produkt-Shockpad-2048x1582.webp 2048w\" sizes=\"(max-width: 2560px) 100vw, 2560px\" \/>      <\/div>\n\n      <div class=\"text-container mt-15\">\n         <h6 class=\"main-title\">CL Soft &#8211; Fall protection<\/h6>\n         NRT 3002\/Euro Hybrid together with shock pad.      <\/div>\n\n      <div class=\"btn-wrapper mt-20\">\n         <a href=\"https:\/\/ahusturf.se\/en\/product\/cl-soft-fall-protection\/\" class=\"theme-btn w-100\">More information<\/a>\n      <\/div>\n   <\/div>\n<\/div><div class=\"col-xl-3 col-md-4 col-6 slider-col\">\n   <div class=\"single-product-block on-hover-img-scale\">\n\n      <a href=\"https:\/\/ahusturf.se\/en\/product\/cl-1201-tea\/\" class=\"whole-link\"><\/a>\n\n      <div class=\"img-container br-15\">\n         <img decoding=\"async\" src=\"https:\/\/ahusturf.se\/wp-content\/uploads\/2025\/05\/Produkt-CL-1201-Rulle-hel-scaled.webp\" class=\"attachment-medium-large size-medium-large wp-post-image\" alt=\"\" srcset=\"https:\/\/ahusturf.se\/wp-content\/uploads\/2025\/05\/Produkt-CL-1201-Rulle-hel-scaled.webp 2560w, https:\/\/ahusturf.se\/wp-content\/uploads\/2025\/05\/Produkt-CL-1201-Rulle-hel-450x440.webp 450w, https:\/\/ahusturf.se\/wp-content\/uploads\/2025\/05\/Produkt-CL-1201-Rulle-hel-1024x1001.webp 1024w, https:\/\/ahusturf.se\/wp-content\/uploads\/2025\/05\/Produkt-CL-1201-Rulle-hel-768x750.webp 768w, https:\/\/ahusturf.se\/wp-content\/uploads\/2025\/05\/Produkt-CL-1201-Rulle-hel-1536x1501.webp 1536w, https:\/\/ahusturf.se\/wp-content\/uploads\/2025\/05\/Produkt-CL-1201-Rulle-hel-2048x2001.webp 2048w\" sizes=\"(max-width: 2560px) 100vw, 2560px\" \/>      <\/div>\n\n      <div class=\"text-container mt-15\">\n         <h6 class=\"main-title\">CL 1201 &#8211; Tee<\/h6>\n         Extremely strong hybrid to withstand all shots. Tested by Tour player.      <\/div>\n\n      <div class=\"btn-wrapper mt-20\">\n         <a href=\"https:\/\/ahusturf.se\/en\/product\/cl-1201-tea\/\" class=\"theme-btn w-100\">More information<\/a>\n      <\/div>\n   <\/div>\n<\/div>               <\/div>\n            <\/div>\n            \n                     <\/div>\n      <\/div>\n   <\/div>\n      <\/section>\n      ","protected":false},"excerpt":{"rendered":"<p>Hybrid grass developed for walkways<\/p>\n","protected":false},"featured_media":2471,"template":"","meta":{"_acf_changed":false,"footnotes":""},"product_cat":[7],"class_list":["post-2469","product","type-product","status-publish","has-post-thumbnail","hentry","product_cat-hybridgras-golf"],"acf":[],"_links":{"self":[{"href":"https:\/\/ahusturf.se\/en\/wp-json\/wp\/v2\/product\/2469","targetHints":{"allow":["GET"]}}],"collection":[{"href":"https:\/\/ahusturf.se\/en\/wp-json\/wp\/v2\/product"}],"about":[{"href":"https:\/\/ahusturf.se\/en\/wp-json\/wp\/v2\/types\/product"}],"version-history":[{"count":8,"href":"https:\/\/ahusturf.se\/en\/wp-json\/wp\/v2\/product\/2469\/revisions"}],"predecessor-version":[{"id":4294,"href":"https:\/\/ahusturf.se\/en\/wp-json\/wp\/v2\/product\/2469\/revisions\/4294"}],"wp:featuredmedia":[{"embeddable":true,"href":"https:\/\/ahusturf.se\/en\/wp-json\/wp\/v2\/media\/2471"}],"wp:attachment":[{"href":"https:\/\/ahusturf.se\/en\/wp-json\/wp\/v2\/media?parent=2469"}],"wp:term":[{"taxonomy":"product_cat","embeddable":true,"href":"https:\/\/ahusturf.se\/en\/wp-json\/wp\/v2\/product_cat?post=2469"}],"curies":[{"name":"wp","href":"https:\/\/api.w.org\/{rel}","templated":true}]}}