{"id":2551,"date":"2025-04-09T08:53:45","date_gmt":"2025-04-09T08:53:45","guid":{"rendered":"https:\/\/ahusturf.se\/product\/nrt-3002\/"},"modified":"2025-09-03T08:12:10","modified_gmt":"2025-09-03T08:12:10","slug":"nrt-3002","status":"publish","type":"product","link":"https:\/\/ahusturf.se\/en\/product\/nrt-3002\/","title":{"rendered":"NRT 3002"},"content":{"rendered":"      <section class=\"pt-50 pb-80 \" >\n            <div class=\"container\">\n      <div class=\"row\">\n         <div class=\"col-lg-7\">\n                        <h2 class=\"main-title mb-15 d-block d-lg-none h2\">NRT 3002<\/h2>\n\n                           \n\n<div class=\"img-reel\">\n         <img decoding=\"async\" src=\"https:\/\/ahusturf.se\/wp-content\/uploads\/2025\/05\/Produkt-NRT-3002-Rulle-hel-scaled.webp\" alt=\"http:\/\/2025-04-11%20A\u00b0husTurf%20Hybridgra\u00a8s\" \/>\n         <img decoding=\"async\" src=\"https:\/\/ahusturf.se\/wp-content\/uploads\/2025\/05\/Rutschkana-Ystad-Hybridgras-scaled.webp\" alt=\"http:\/\/Rutschkana%20Ystad%20Hybridgr\u00e4s\" \/>\n         <img decoding=\"async\" src=\"https:\/\/ahusturf.se\/wp-content\/uploads\/2025\/05\/Rutschkana-Ystad-Hybridgras-integrerard-scaled.webp\" alt=\"http:\/\/Rutschkana%20Ystad%20Hybridgr\u00e4s%20integrerard\" \/>\n         <img decoding=\"async\" src=\"https:\/\/ahusturf.se\/wp-content\/uploads\/2025\/05\/Gotene-fore-Hybridgras-scaled.webp\" alt=\"http:\/\/G\u00f6tene%20f\u00f6re%20Hybridgr\u00e4s\" \/>\n         <img decoding=\"async\" src=\"https:\/\/ahusturf.se\/wp-content\/uploads\/2025\/05\/Gotene-Hybridgras-scaled.webp\" alt=\"http:\/\/G\u00f6tene%20Hybridgr\u00e4s\" \/>\n         <img decoding=\"async\" src=\"https:\/\/ahusturf.se\/wp-content\/uploads\/2025\/05\/Gotene-Hybridgras-Integrerat-scaled.webp\" alt=\"http:\/\/G\u00f6tene%20Hybridgr\u00e4s%20Integrerat\" \/>\n   <\/div>\n                        \n\n                           <div class=\"btn-wrapper mt-30 mb-10 d-block d-lg-none text-center\">\n                  \n               <a\n         href=\"https:\/\/ahusturf.se\/wp-content\/uploads\/2025\/08\/NRT-3002_R1K.pdf\"\n         class=\"theme-btn\"\n          target=\"_blank\">\n         Specification      <\/a>\n                     <a\n         href=\"https:\/\/ahusturf.se\/en\/contact-us\/\"\n         class=\"theme-btn\"\n         >\n         Contact      <\/a>\n                        <\/div>\n                     <\/div>\n         <div class=\"col-lg-5\">\n            <div class=\"portfolio-specification-wrapper custom-sticky-block\">\n               <div class=\"text-container\">\n                                    <h2 class=\"main-title mb-15 d-none d-lg-block h2\">NRT 3002<\/h2>\n                  <p>NRT 3002 is designed to withstand the toughest forms of wear. The pile length combined with the hole size allows enough sunlight to pass through to allow for the best growth possible while still protecting the grass crown. The brown pile is harsher than the green pile, allowing installations on steep slopes without the risk of slipping when stepping on the surface.<\/p>\n\n                                    <div class=\"specification-table mt-60\">\n                     <table class=\"table table-borderless\">\n                        <tbody>\n                                                      <tr>\n                              <td>Length<\/td>\n                              <td>25m<\/td>\n                           <\/tr>\n                                                      <tr>\n                              <td>Width<\/td>\n                              <td>2,4m<\/td>\n                           <\/tr>\n                                                      <tr>\n                              <td>Installation<\/td>\n                              <td>Existing grass or seedbed<\/td>\n                           <\/tr>\n                                                      <tr>\n                              <td>Area of use<\/td>\n                              <td>Toughest wear environments, Schools, Playgrounds, hard wear areas etc.<\/td>\n                           <\/tr>\n                                                   <\/tbody>\n                     <\/table>\n                     \n                  <\/div>\n                                 <\/div>\n\n                                 <div class=\"btn-wrapper mt-30 d-none d-lg-block\">\n                     \n               <a\n         href=\"https:\/\/ahusturf.se\/wp-content\/uploads\/2025\/08\/NRT-3002_R1K.pdf\"\n         class=\"theme-btn\"\n          target=\"_blank\">\n         Specification      <\/a>\n                     <a\n         href=\"https:\/\/ahusturf.se\/en\/contact-us\/\"\n         class=\"theme-btn\"\n         >\n         Contact      <\/a>\n                           <\/div>\n                              \n            <\/div>\n         <\/div>\n      <\/div>\n   <\/div>\n      <\/section>\n      \n\n","protected":false},"excerpt":{"rendered":"<p>2016 we launched the first edition of NRT 3002 for extreme wear. <\/p>\n","protected":false},"featured_media":2471,"template":"","meta":{"_acf_changed":false,"footnotes":""},"product_cat":[6],"class_list":["post-2551","product","type-product","status-publish","has-post-thumbnail","hentry","product_cat-hybridgras-skolmiljoer-och-fotboll"],"acf":[],"_links":{"self":[{"href":"https:\/\/ahusturf.se\/en\/wp-json\/wp\/v2\/product\/2551","targetHints":{"allow":["GET"]}}],"collection":[{"href":"https:\/\/ahusturf.se\/en\/wp-json\/wp\/v2\/product"}],"about":[{"href":"https:\/\/ahusturf.se\/en\/wp-json\/wp\/v2\/types\/product"}],"version-history":[{"count":6,"href":"https:\/\/ahusturf.se\/en\/wp-json\/wp\/v2\/product\/2551\/revisions"}],"predecessor-version":[{"id":4112,"href":"https:\/\/ahusturf.se\/en\/wp-json\/wp\/v2\/product\/2551\/revisions\/4112"}],"wp:featuredmedia":[{"embeddable":true,"href":"https:\/\/ahusturf.se\/en\/wp-json\/wp\/v2\/media\/2471"}],"wp:attachment":[{"href":"https:\/\/ahusturf.se\/en\/wp-json\/wp\/v2\/media?parent=2551"}],"wp:term":[{"taxonomy":"product_cat","embeddable":true,"href":"https:\/\/ahusturf.se\/en\/wp-json\/wp\/v2\/product_cat?post=2551"}],"curies":[{"name":"wp","href":"https:\/\/api.w.org\/{rel}","templated":true}]}}