{"id":4457,"date":"2025-10-14T08:31:51","date_gmt":"2025-10-14T08:31:51","guid":{"rendered":"https:\/\/ahusturf.se\/?post_type=product&#038;p=4457"},"modified":"2025-10-14T08:31:51","modified_gmt":"2025-10-14T08:31:51","slug":"euro-hybrid_template-4","status":"publish","type":"product","link":"https:\/\/ahusturf.se\/en\/product\/euro-hybrid_template-4\/","title":{"rendered":"Euro Hybrid_template"},"content":{"rendered":"      <section class=\"pt-50 pb-80 \" >\n            <div class=\"container\">\n      <div class=\"row\">\n         <div class=\"col-lg-7\">\n                        <h2 class=\"main-title mb-15 d-block d-lg-none h2\">\u00c5T Lek 24<\/h2>\n\n                           \n\n<div class=\"img-reel\">\n         <img decoding=\"async\" src=\"https:\/\/ahusturf.se\/wp-content\/uploads\/2025\/10\/IMG_0171-scaled.webp\" alt=\"http:\/\/IMG_0171\" \/>\n   <\/div>\n                        \n\n                           <div class=\"btn-wrapper mt-30 mb-10 d-block d-lg-none text-center\">\n                  \n               <a\n         href=\"#\"\n         class=\"theme-btn\"\n         >\n         Specifikation      <\/a>\n                     <a\n         href=\"#\"\n         class=\"theme-btn\"\n         >\n         Kontakt      <\/a>\n                        <\/div>\n                     <\/div>\n         <div class=\"col-lg-5\">\n            <div class=\"portfolio-specification-wrapper custom-sticky-block\">\n               <div class=\"text-container\">\n                                    <h2 class=\"main-title mb-15 d-none d-lg-block h2\">\u00c5T Lek 24<\/h2>\n                  <p>Konstgr\u00e4set \u00c5T Lek 24 \u00e4r utvecklad f\u00f6r att t\u00e5la och prestera p\u00e5 dem tuffaste lekmilj\u00f6erna och sportytorna. P\u00e5 multiarenan, bollplanen eller varf\u00f6r inte runt lekplatsen. \u00c5T Lek 24 \u00e4r kompatibel med v\u00e5r fallskyddspadd enligt EN1177:2008 standard och klarar fallskyddsh\u00f6jder upp till 3 meter. Produkten har raka PE str\u00e5n d\u00e4r vi anv\u00e4nder sandinfill f\u00f6r att f\u00e5 str\u00e5na att st\u00e5 rakare samt h\u00e5lla konstgr\u00e4set p\u00e5 plats.<\/p>\n\n                                    <div class=\"specification-table mt-60\">\n                     <table class=\"table table-borderless\">\n                        <tbody>\n                                                      <tr>\n                              <td>Length<\/td>\n                              <td>25 m<\/td>\n                           <\/tr>\n                                                      <tr>\n                              <td>Width<\/td>\n                              <td>4 m<\/td>\n                           <\/tr>\n                                                      <tr>\n                              <td>Installation<\/td>\n                              <td>Stenmj\u00f6l<\/td>\n                           <\/tr>\n                                                      <tr>\n                              <td>Infill<\/td>\n                              <td>Sand 20-25 kg\/m2<\/td>\n                           <\/tr>\n                                                   <\/tbody>\n                     <\/table>\n                     \n                  <\/div>\n                                 <\/div>\n\n                                 <div class=\"btn-wrapper mt-30 d-none d-lg-block\">\n                     \n               <a\n         href=\"#\"\n         class=\"theme-btn\"\n         >\n         Specifikation      <\/a>\n                     <a\n         href=\"#\"\n         class=\"theme-btn\"\n         >\n         Kontakt      <\/a>\n                           <\/div>\n                              \n            <\/div>\n         <\/div>\n      <\/div>\n   <\/div>\n      <\/section>\n            <section class=\"pt-80 pb-80 \" >\n            <div class=\"container\">\n      <div class=\"row\">\n         <div class=\"col-lg-12\">\n            <div class=\"section-heading has-border-bottom has-cta-block has-slider-arrows\">\n               <div class=\"heading-block\">\n                                    <h3 class=\"h3\">More of our products<\/h3>\n               <\/div>\n                           <\/div>\n\n                        <div class=\"single-product-wrapper\">\n               <div class=\"row single-product-block-slider slider-arrows-top-lg\">\n                  <div class=\"col-xl-3 col-md-4 col-6 slider-col\">\n   <div class=\"single-product-block on-hover-img-scale\">\n\n      <a href=\"https:\/\/ahusturf.se\/en\/product\/euro-hybrid\/\" class=\"whole-link\"><\/a>\n\n      <div class=\"img-container br-15\">\n         <img decoding=\"async\" src=\"https:\/\/ahusturf.se\/wp-content\/uploads\/2025\/05\/Produkt-EURO-HYBRID-Rulle-hel-scaled.webp\" class=\"attachment-medium-large size-medium-large wp-post-image\" alt=\"\" srcset=\"https:\/\/ahusturf.se\/wp-content\/uploads\/2025\/05\/Produkt-EURO-HYBRID-Rulle-hel-scaled.webp 2560w, https:\/\/ahusturf.se\/wp-content\/uploads\/2025\/05\/Produkt-EURO-HYBRID-Rulle-hel-450x310.webp 450w, https:\/\/ahusturf.se\/wp-content\/uploads\/2025\/05\/Produkt-EURO-HYBRID-Rulle-hel-1024x705.webp 1024w, https:\/\/ahusturf.se\/wp-content\/uploads\/2025\/05\/Produkt-EURO-HYBRID-Rulle-hel-768x529.webp 768w, https:\/\/ahusturf.se\/wp-content\/uploads\/2025\/05\/Produkt-EURO-HYBRID-Rulle-hel-1536x1058.webp 1536w, https:\/\/ahusturf.se\/wp-content\/uploads\/2025\/05\/Produkt-EURO-HYBRID-Rulle-hel-2048x1410.webp 2048w\" sizes=\"(max-width: 2560px) 100vw, 2560px\" \/>      <\/div>\n\n      <div class=\"text-container mt-15\">\n         <h6 class=\"main-title\">Euro Hybrid<\/h6>\n         Our first product in the journey towards more environmentally friendly products.      <\/div>\n\n      <div class=\"btn-wrapper mt-20\">\n         <a href=\"https:\/\/ahusturf.se\/en\/product\/euro-hybrid\/\" class=\"theme-btn w-100\">More information<\/a>\n      <\/div>\n   <\/div>\n<\/div><div class=\"col-xl-3 col-md-4 col-6 slider-col\">\n   <div class=\"single-product-block on-hover-img-scale\">\n\n      <a href=\"https:\/\/ahusturf.se\/en\/product\/nrt-3002\/\" class=\"whole-link\"><\/a>\n\n      <div class=\"img-container br-15\">\n         <img decoding=\"async\" src=\"https:\/\/ahusturf.se\/wp-content\/uploads\/2025\/05\/Produkt-NRT-3002-Rulle-hel-scaled.webp\" class=\"attachment-medium-large size-medium-large wp-post-image\" alt=\"\" srcset=\"https:\/\/ahusturf.se\/wp-content\/uploads\/2025\/05\/Produkt-NRT-3002-Rulle-hel-scaled.webp 2560w, https:\/\/ahusturf.se\/wp-content\/uploads\/2025\/05\/Produkt-NRT-3002-Rulle-hel-450x348.webp 450w, https:\/\/ahusturf.se\/wp-content\/uploads\/2025\/05\/Produkt-NRT-3002-Rulle-hel-1024x791.webp 1024w, https:\/\/ahusturf.se\/wp-content\/uploads\/2025\/05\/Produkt-NRT-3002-Rulle-hel-768x593.webp 768w, https:\/\/ahusturf.se\/wp-content\/uploads\/2025\/05\/Produkt-NRT-3002-Rulle-hel-1536x1186.webp 1536w, https:\/\/ahusturf.se\/wp-content\/uploads\/2025\/05\/Produkt-NRT-3002-Rulle-hel-2048x1582.webp 2048w\" sizes=\"(max-width: 2560px) 100vw, 2560px\" \/>      <\/div>\n\n      <div class=\"text-container mt-15\">\n         <h6 class=\"main-title\">NRT 3002<\/h6>\n         2016 we launched the first edition of NRT 3002 for extreme wear.       <\/div>\n\n      <div class=\"btn-wrapper mt-20\">\n         <a href=\"https:\/\/ahusturf.se\/en\/product\/nrt-3002\/\" class=\"theme-btn w-100\">More information<\/a>\n      <\/div>\n   <\/div>\n<\/div><div class=\"col-xl-3 col-md-4 col-6 slider-col\">\n   <div class=\"single-product-block on-hover-img-scale\">\n\n      <a href=\"https:\/\/ahusturf.se\/en\/product\/nrt-3002-diy\/\" class=\"whole-link\"><\/a>\n\n      <div class=\"img-container br-15\">\n         <img decoding=\"async\" src=\"https:\/\/ahusturf.se\/wp-content\/uploads\/2025\/05\/Produkt-NRT-3002-DIY-presentation-scaled.webp\" class=\"attachment-medium-large size-medium-large wp-post-image\" alt=\"Hybridgr\u00e4s\" srcset=\"https:\/\/ahusturf.se\/wp-content\/uploads\/2025\/05\/Produkt-NRT-3002-DIY-presentation-scaled.webp 2560w, https:\/\/ahusturf.se\/wp-content\/uploads\/2025\/05\/Produkt-NRT-3002-DIY-presentation-450x328.webp 450w, https:\/\/ahusturf.se\/wp-content\/uploads\/2025\/05\/Produkt-NRT-3002-DIY-presentation-1024x745.webp 1024w, https:\/\/ahusturf.se\/wp-content\/uploads\/2025\/05\/Produkt-NRT-3002-DIY-presentation-768x559.webp 768w, https:\/\/ahusturf.se\/wp-content\/uploads\/2025\/05\/Produkt-NRT-3002-DIY-presentation-1536x1118.webp 1536w, https:\/\/ahusturf.se\/wp-content\/uploads\/2025\/05\/Produkt-NRT-3002-DIY-presentation-2048x1491.webp 2048w\" sizes=\"(max-width: 2560px) 100vw, 2560px\" \/>      <\/div>\n\n      <div class=\"text-container mt-15\">\n         <h6 class=\"main-title\">NRT 3002 DIY<\/h6>\n         Do it yourself is easier to install      <\/div>\n\n      <div class=\"btn-wrapper mt-20\">\n         <a href=\"https:\/\/ahusturf.se\/en\/product\/nrt-3002-diy\/\" class=\"theme-btn w-100\">More information<\/a>\n      <\/div>\n   <\/div>\n<\/div><div class=\"col-xl-3 col-md-4 col-6 slider-col\">\n   <div class=\"single-product-block on-hover-img-scale\">\n\n      <a href=\"https:\/\/ahusturf.se\/en\/product\/cl-soft-fall-protection\/\" class=\"whole-link\"><\/a>\n\n      <div class=\"img-container br-15\">\n         <img decoding=\"async\" src=\"https:\/\/ahusturf.se\/wp-content\/uploads\/2025\/05\/Produkt-Shockpad-scaled.webp\" class=\"attachment-medium-large size-medium-large wp-post-image\" alt=\"\" srcset=\"https:\/\/ahusturf.se\/wp-content\/uploads\/2025\/05\/Produkt-Shockpad-scaled.webp 2560w, https:\/\/ahusturf.se\/wp-content\/uploads\/2025\/05\/Produkt-Shockpad-450x348.webp 450w, https:\/\/ahusturf.se\/wp-content\/uploads\/2025\/05\/Produkt-Shockpad-1024x791.webp 1024w, https:\/\/ahusturf.se\/wp-content\/uploads\/2025\/05\/Produkt-Shockpad-768x593.webp 768w, https:\/\/ahusturf.se\/wp-content\/uploads\/2025\/05\/Produkt-Shockpad-1536x1187.webp 1536w, https:\/\/ahusturf.se\/wp-content\/uploads\/2025\/05\/Produkt-Shockpad-2048x1582.webp 2048w\" sizes=\"(max-width: 2560px) 100vw, 2560px\" \/>      <\/div>\n\n      <div class=\"text-container mt-15\">\n         <h6 class=\"main-title\">CL Soft &#8211; Fall protection<\/h6>\n         NRT 3002\/Euro Hybrid together with shock pad.      <\/div>\n\n      <div class=\"btn-wrapper mt-20\">\n         <a href=\"https:\/\/ahusturf.se\/en\/product\/cl-soft-fall-protection\/\" class=\"theme-btn w-100\">More information<\/a>\n      <\/div>\n   <\/div>\n<\/div><div class=\"col-xl-3 col-md-4 col-6 slider-col\">\n   <div class=\"single-product-block on-hover-img-scale\">\n\n      <a href=\"https:\/\/ahusturf.se\/en\/product\/cl-1201-tea\/\" class=\"whole-link\"><\/a>\n\n      <div class=\"img-container br-15\">\n         <img decoding=\"async\" src=\"https:\/\/ahusturf.se\/wp-content\/uploads\/2025\/05\/Produkt-CL-1201-Rulle-hel-scaled.webp\" class=\"attachment-medium-large size-medium-large wp-post-image\" alt=\"\" srcset=\"https:\/\/ahusturf.se\/wp-content\/uploads\/2025\/05\/Produkt-CL-1201-Rulle-hel-scaled.webp 2560w, https:\/\/ahusturf.se\/wp-content\/uploads\/2025\/05\/Produkt-CL-1201-Rulle-hel-450x440.webp 450w, https:\/\/ahusturf.se\/wp-content\/uploads\/2025\/05\/Produkt-CL-1201-Rulle-hel-1024x1001.webp 1024w, https:\/\/ahusturf.se\/wp-content\/uploads\/2025\/05\/Produkt-CL-1201-Rulle-hel-768x750.webp 768w, https:\/\/ahusturf.se\/wp-content\/uploads\/2025\/05\/Produkt-CL-1201-Rulle-hel-1536x1501.webp 1536w, https:\/\/ahusturf.se\/wp-content\/uploads\/2025\/05\/Produkt-CL-1201-Rulle-hel-2048x2001.webp 2048w\" sizes=\"(max-width: 2560px) 100vw, 2560px\" \/>      <\/div>\n\n      <div class=\"text-container mt-15\">\n         <h6 class=\"main-title\">CL 1201 &#8211; Tee<\/h6>\n         Extremely strong hybrid to withstand all shots. Tested by Tour player.      <\/div>\n\n      <div class=\"btn-wrapper mt-20\">\n         <a href=\"https:\/\/ahusturf.se\/en\/product\/cl-1201-tea\/\" class=\"theme-btn w-100\">More information<\/a>\n      <\/div>\n   <\/div>\n<\/div>               <\/div>\n            <\/div>\n            \n                     <\/div>\n      <\/div>\n   <\/div>\n      <\/section>\n      ","protected":false},"excerpt":{"rendered":"<p>our first product in the journey towards more environmentally friendly products.<\/p>\n","protected":false},"featured_media":4494,"template":"","meta":{"_acf_changed":false,"footnotes":""},"product_cat":[8],"class_list":["post-4457","product","type-product","status-publish","has-post-thumbnail","hentry","product_cat-fler-produkter-hybridlosningar"],"acf":[],"_links":{"self":[{"href":"https:\/\/ahusturf.se\/en\/wp-json\/wp\/v2\/product\/4457","targetHints":{"allow":["GET"]}}],"collection":[{"href":"https:\/\/ahusturf.se\/en\/wp-json\/wp\/v2\/product"}],"about":[{"href":"https:\/\/ahusturf.se\/en\/wp-json\/wp\/v2\/types\/product"}],"version-history":[{"count":1,"href":"https:\/\/ahusturf.se\/en\/wp-json\/wp\/v2\/product\/4457\/revisions"}],"predecessor-version":[{"id":4459,"href":"https:\/\/ahusturf.se\/en\/wp-json\/wp\/v2\/product\/4457\/revisions\/4459"}],"wp:featuredmedia":[{"embeddable":true,"href":"https:\/\/ahusturf.se\/en\/wp-json\/wp\/v2\/media\/4494"}],"wp:attachment":[{"href":"https:\/\/ahusturf.se\/en\/wp-json\/wp\/v2\/media?parent=4457"}],"wp:term":[{"taxonomy":"product_cat","embeddable":true,"href":"https:\/\/ahusturf.se\/en\/wp-json\/wp\/v2\/product_cat?post=4457"}],"curies":[{"name":"wp","href":"https:\/\/api.w.org\/{rel}","templated":true}]}}